{"id":25171,"date":"2020-09-02T18:57:08","date_gmt":"2020-09-03T00:57:08","guid":{"rendered":"https:\/\/healthcenter1.com\/recursos\/"},"modified":"2025-07-08T09:14:54","modified_gmt":"2025-07-08T15:14:54","slug":"recursos","status":"publish","type":"page","link":"https:\/\/healthcenter1.com\/es\/recursos\/","title":{"rendered":"Recursos"},"content":{"rendered":"\t\t<div data-elementor-type=\"wp-page\" data-elementor-id=\"25171\" class=\"elementor elementor-25171 elementor-23831\" data-elementor-post-type=\"page\">\n\t\t\t\t\t\t<section class=\"elementor-section elementor-top-section elementor-element elementor-element-678fab elementor-section-stretched elementor-section-full_width elementor-section-height-default elementor-section-height-default\" data-id=\"678fab\" data-element_type=\"section\" data-e-type=\"section\" data-settings=\"{&quot;stretch_section&quot;:&quot;section-stretched&quot;}\">\n\t\t\t\t\t\t<div class=\"elementor-container elementor-column-gap-default\">\n\t\t\t\t\t<div class=\"elementor-column elementor-col-100 elementor-top-column elementor-element elementor-element-471f7178\" data-id=\"471f7178\" data-element_type=\"column\" data-e-type=\"column\">\n\t\t\t<div class=\"elementor-widget-wrap elementor-element-populated\">\n\t\t\t\t\t\t<div class=\"elementor-element elementor-element-6e790320 elementor-widget elementor-widget-template\" data-id=\"6e790320\" data-element_type=\"widget\" data-e-type=\"widget\" data-widget_type=\"template.default\">\n\t\t\t\t<div class=\"elementor-widget-container\">\n\t\t\t\t\t\t\t<div class=\"elementor-template\">\n\t\t\t\t\t<div data-elementor-type=\"section\" data-elementor-id=\"25121\" class=\"elementor elementor-25121 elementor-23722 elementor-23722\" data-elementor-post-type=\"elementor_library\">\n\t\t\t\t\t<section class=\"elementor-section elementor-top-section elementor-element elementor-element-14113376 elementor-section-height-min-height elementor-section-content-middle elementor-section-stretched elementor-section-boxed elementor-section-height-default elementor-section-items-middle\" data-id=\"14113376\" data-element_type=\"section\" data-e-type=\"section\" data-settings=\"{&quot;background_background&quot;:&quot;classic&quot;,&quot;stretch_section&quot;:&quot;section-stretched&quot;}\">\n\t\t\t\t\t\t<div class=\"elementor-container elementor-column-gap-no\">\n\t\t\t\t\t<div class=\"elementor-column elementor-col-33 elementor-top-column elementor-element elementor-element-52fdee90 elementor-hidden-phone\" data-id=\"52fdee90\" data-element_type=\"column\" data-e-type=\"column\">\n\t\t\t<div class=\"elementor-widget-wrap elementor-element-populated\">\n\t\t\t\t\t\t\t<\/div>\n\t\t<\/div>\n\t\t\t\t<div class=\"elementor-column elementor-col-66 elementor-top-column elementor-element elementor-element-4cfc3bbd\" data-id=\"4cfc3bbd\" data-element_type=\"column\" data-e-type=\"column\">\n\t\t\t<div class=\"elementor-widget-wrap elementor-element-populated\">\n\t\t\t\t\t\t<div class=\"elementor-element elementor-element-76bc2a24 elementor-widget elementor-widget-text-editor\" data-id=\"76bc2a24\" data-element_type=\"widget\" data-e-type=\"widget\" data-widget_type=\"text-editor.default\">\n\t\t\t\t<div class=\"elementor-widget-container\">\n\t\t\t\t\t\t\t\t\t<p><strong>HORARIO DE OFICINA <\/strong> De lunes a jueves: de 8:00 a 17:00 <span class=\"bullet\">&#8211;<\/span> Viernes: de 8:00 a 15:00<br><strong>CITA PREVIA: <\/strong>303-615-9999<br><strong>APOYO EN CASO DE CRISIS Y ASISTENCIA A LAS V\u00cdCTIMAS FUERA DEL HORARIO LABORAL:<\/strong> 303-615-9911<\/p>\t\t\t\t\t\t\t\t<\/div>\n\t\t\t\t<\/div>\n\t\t\t\t\t<\/div>\n\t\t<\/div>\n\t\t\t\t\t<\/div>\n\t\t<\/section>\n\t\t\t\t<\/div>\n\t\t\t\t<\/div>\n\t\t\t\t\t\t<\/div>\n\t\t\t\t<\/div>\n\t\t\t\t\t<\/div>\n\t\t<\/div>\n\t\t\t\t\t<\/div>\n\t\t<\/section>\n\t\t\t\t<section class=\"elementor-section elementor-top-section elementor-element elementor-element-2dbb28b1 elementor-section-stretched elementor-section-boxed elementor-section-height-default elementor-section-height-default\" data-id=\"2dbb28b1\" data-element_type=\"section\" data-e-type=\"section\" data-settings=\"{&quot;stretch_section&quot;:&quot;section-stretched&quot;,&quot;background_background&quot;:&quot;classic&quot;}\">\n\t\t\t\t\t\t<div class=\"elementor-container elementor-column-gap-default\">\n\t\t\t\t\t<div class=\"elementor-column elementor-col-100 elementor-top-column elementor-element elementor-element-5bb87e8d\" data-id=\"5bb87e8d\" data-element_type=\"column\" data-e-type=\"column\">\n\t\t\t<div class=\"elementor-widget-wrap elementor-element-populated\">\n\t\t\t\t\t\t<div class=\"elementor-element elementor-element-4e4ea04b elementor-widget elementor-widget-spacer\" data-id=\"4e4ea04b\" data-element_type=\"widget\" data-e-type=\"widget\" data-widget_type=\"spacer.default\">\n\t\t\t\t<div class=\"elementor-widget-container\">\n\t\t\t\t\t\t\t<div class=\"elementor-spacer\">\n\t\t\t<div class=\"elementor-spacer-inner\"><\/div>\n\t\t<\/div>\n\t\t\t\t\t\t<\/div>\n\t\t\t\t<\/div>\n\t\t\t\t\t<\/div>\n\t\t<\/div>\n\t\t\t\t\t<\/div>\n\t\t<\/section>\n\t\t\t\t<section class=\"elementor-section elementor-top-section elementor-element elementor-element-286b319a elementor-section-boxed elementor-section-height-default elementor-section-height-default\" data-id=\"286b319a\" data-element_type=\"section\" data-e-type=\"section\">\n\t\t\t\t\t\t<div class=\"elementor-container elementor-column-gap-wide\">\n\t\t\t\t\t<div class=\"elementor-column elementor-col-33 elementor-top-column elementor-element elementor-element-285f21c elementor-hidden-phone\" data-id=\"285f21c\" data-element_type=\"column\" data-e-type=\"column\">\n\t\t\t<div class=\"elementor-widget-wrap elementor-element-populated\">\n\t\t\t\t\t\t<div class=\"elementor-element elementor-element-277fc067 elementor-widget elementor-widget-image\" data-id=\"277fc067\" data-element_type=\"widget\" data-e-type=\"widget\" data-widget_type=\"image.default\">\n\t\t\t\t<div class=\"elementor-widget-container\">\n\t\t\t\t\t\t\t\t\t\t\t\t\t\t\t<img fetchpriority=\"high\" decoding=\"async\" width=\"670\" height=\"670\" src=\"https:\/\/healthcenter1.com\/wp-content\/uploads\/2024\/03\/HCA_Circle_resources.png\" class=\"attachment-medium_large size-medium_large wp-image-25815\" alt=\"A smiling young man in a denim jacket and gray hoodie, sitting in a modern space with a pen in his hand.\" srcset=\"https:\/\/healthcenter1.com\/wp-content\/uploads\/2024\/03\/HCA_Circle_resources.png 670w, https:\/\/healthcenter1.com\/wp-content\/uploads\/2024\/03\/HCA_Circle_resources-300x300.png 300w, https:\/\/healthcenter1.com\/wp-content\/uploads\/2024\/03\/HCA_Circle_resources-150x150.png 150w, https:\/\/healthcenter1.com\/wp-content\/uploads\/2024\/03\/HCA_Circle_resources-120x120.png 120w, https:\/\/healthcenter1.com\/wp-content\/uploads\/2024\/03\/HCA_Circle_resources-81x81.png 81w\" sizes=\"(max-width: 670px) 100vw, 670px\" \/>\t\t\t\t\t\t\t\t\t\t\t\t\t\t\t<\/div>\n\t\t\t\t<\/div>\n\t\t\t\t<div class=\"elementor-element elementor-element-1af55170 elementor-align-justify elementor-widget elementor-widget-button\" data-id=\"1af55170\" data-element_type=\"widget\" data-e-type=\"widget\" data-widget_type=\"button.default\">\n\t\t\t\t<div class=\"elementor-widget-container\">\n\t\t\t\t\t\t\t\t\t<div class=\"elementor-button-wrapper\">\n\t\t\t\t\t<a class=\"elementor-button elementor-button-link elementor-size-sm\" href=\"https:\/\/healthcenter1.com\/es\/sobre-nosotros\/\">\n\t\t\t\t\t\t<span class=\"elementor-button-content-wrapper\">\n\t\t\t\t\t\t\t\t\t<span class=\"elementor-button-text\">SOBRE NOSOTROS<\/span>\n\t\t\t\t\t<\/span>\n\t\t\t\t\t<\/a>\n\t\t\t\t<\/div>\n\t\t\t\t\t\t\t\t<\/div>\n\t\t\t\t<\/div>\n\t\t\t\t<div class=\"elementor-element elementor-element-4bc4005f elementor-align-justify elementor-widget elementor-widget-button\" data-id=\"4bc4005f\" data-element_type=\"widget\" data-e-type=\"widget\" data-widget_type=\"button.default\">\n\t\t\t\t<div class=\"elementor-widget-container\">\n\t\t\t\t\t\t\t\t\t<div class=\"elementor-button-wrapper\">\n\t\t\t\t\t<a class=\"elementor-button elementor-button-link elementor-size-sm\" href=\"https:\/\/healthcenter1.com\/es\/servicios-medicos\/\">\n\t\t\t\t\t\t<span class=\"elementor-button-content-wrapper\">\n\t\t\t\t\t\t\t\t\t<span class=\"elementor-button-text\">SERVICIOS M\u00c9DICOS<\/span>\n\t\t\t\t\t<\/span>\n\t\t\t\t\t<\/a>\n\t\t\t\t<\/div>\n\t\t\t\t\t\t\t\t<\/div>\n\t\t\t\t<\/div>\n\t\t\t\t<div class=\"elementor-element elementor-element-3d4dd744 elementor-align-justify elementor-widget elementor-widget-button\" data-id=\"3d4dd744\" data-element_type=\"widget\" data-e-type=\"widget\" data-widget_type=\"button.default\">\n\t\t\t\t<div class=\"elementor-widget-container\">\n\t\t\t\t\t\t\t\t\t<div class=\"elementor-button-wrapper\">\n\t\t\t\t\t<a class=\"elementor-button elementor-button-link elementor-size-sm\" href=\"https:\/\/healthcenter1.com\/es\/servicios-de-salud-mental\/\">\n\t\t\t\t\t\t<span class=\"elementor-button-content-wrapper\">\n\t\t\t\t\t\t\t\t\t<span class=\"elementor-button-text\">SERVICIOS DE SALUD MENTAL<\/span>\n\t\t\t\t\t<\/span>\n\t\t\t\t\t<\/a>\n\t\t\t\t<\/div>\n\t\t\t\t\t\t\t\t<\/div>\n\t\t\t\t<\/div>\n\t\t\t\t<div class=\"elementor-element elementor-element-66d30a0b elementor-align-justify elementor-widget elementor-widget-button\" data-id=\"66d30a0b\" data-element_type=\"widget\" data-e-type=\"widget\" data-widget_type=\"button.default\">\n\t\t\t\t<div class=\"elementor-widget-container\">\n\t\t\t\t\t\t\t\t\t<div class=\"elementor-button-wrapper\">\n\t\t\t\t\t<a class=\"elementor-button elementor-button-link elementor-size-sm\" href=\"https:\/\/healthcenter1.com\/es\/contacto\/\">\n\t\t\t\t\t\t<span class=\"elementor-button-content-wrapper\">\n\t\t\t\t\t\t\t\t\t<span class=\"elementor-button-text\">CONTACTAR CON NOSOTROS<\/span>\n\t\t\t\t\t<\/span>\n\t\t\t\t\t<\/a>\n\t\t\t\t<\/div>\n\t\t\t\t\t\t\t\t<\/div>\n\t\t\t\t<\/div>\n\t\t\t\t<div class=\"elementor-element elementor-element-355a5b8d elementor-align-justify elementor-widget elementor-widget-button\" data-id=\"355a5b8d\" data-element_type=\"widget\" data-e-type=\"widget\" data-widget_type=\"button.default\">\n\t\t\t\t<div class=\"elementor-widget-container\">\n\t\t\t\t\t\t\t\t\t<div class=\"elementor-button-wrapper\">\n\t\t\t\t\t<a class=\"elementor-button elementor-button-link elementor-size-sm\" href=\"https:\/\/healthcenter1.com\/es\/preguntas-frecuentes\/\">\n\t\t\t\t\t\t<span class=\"elementor-button-content-wrapper\">\n\t\t\t\t\t\t\t\t\t<span class=\"elementor-button-text\">FAQS<\/span>\n\t\t\t\t\t<\/span>\n\t\t\t\t\t<\/a>\n\t\t\t\t<\/div>\n\t\t\t\t\t\t\t\t<\/div>\n\t\t\t\t<\/div>\n\t\t\t\t\t<\/div>\n\t\t<\/div>\n\t\t\t\t<div class=\"elementor-column elementor-col-66 elementor-top-column elementor-element elementor-element-2d1e5d95\" data-id=\"2d1e5d95\" data-element_type=\"column\" data-e-type=\"column\">\n\t\t\t<div class=\"elementor-widget-wrap elementor-element-populated\">\n\t\t\t\t\t\t<div class=\"elementor-element elementor-element-1ea1a428 textEditor elementor-widget elementor-widget-text-editor\" data-id=\"1ea1a428\" data-element_type=\"widget\" data-e-type=\"widget\" data-widget_type=\"text-editor.default\">\n\t\t\t\t<div class=\"elementor-widget-container\">\n\t\t\t\t\t\t\t\t\t<h3 class=\"elementor-heading-title elementor-size-default elementor-inline-editing pen\" style=\"font-family: var( --e-global-typography-primary-font-family ); font-weight: var( --e-global-typography-primary-font-weight ); margin-bottom: 15px; letter-spacing: normal;\" data-elementor-setting-key=\"title\" data-pen-placeholder=\"Type Here...\">Recursos<\/h3><p>El Centro de Salud de Auraria es el \u00fanico centro de atenci\u00f3n m\u00e9dica del campus de Auraria. Por ello, colaboramos en todo el campus en casos de emergencia, seguridad y salud p\u00fablica. El Centro de Salud de Auraria trabaja con muchos <a href=\"https:\/\/healthcenter1.com\/es\/recursos-en-el-campus\/\">recursos del campus<\/a> para garantizar que nuestros servicios satisfacen las necesidades de la poblaci\u00f3n a la que servimos.  <\/p><p>Adem\u00e1s, el campus de Auraria se compromete a proporcionar apoyo adicional y referencias a los estudiantes que est\u00e1n tratando con las adicciones y ofrece <a href=\"https:\/\/healthcenter1.com\/es\/recursos-para-la-adiccion\/\">Recursos de Adicciones<\/a>. Esto incluye una variedad de dependencias a las que un estudiante puede enfrentarse.<\/p><p>Puede encontrar informaci\u00f3n sobre la atenci\u00f3n dental y visual, incluidos los programas de descuento y un plan dental opcional, en <a href=\"https:\/\/healthcenter1.com\/es\/recursos-para-el-cuidado-dental-y-de-la-vista\/\">Recursos de atenci\u00f3n dental y visual<\/a>.<\/p>\t\t\t\t\t\t\t\t<\/div>\n\t\t\t\t<\/div>\n\t\t\t\t\t<\/div>\n\t\t<\/div>\n\t\t\t\t\t<\/div>\n\t\t<\/section>\n\t\t\t\t<section class=\"elementor-section elementor-top-section elementor-element elementor-element-c841f02 elementor-section-full_width elementor-section-stretched elementor-section-height-default elementor-section-height-default\" data-id=\"c841f02\" data-element_type=\"section\" data-e-type=\"section\" data-settings=\"{&quot;stretch_section&quot;:&quot;section-stretched&quot;}\">\n\t\t\t\t\t\t<div class=\"elementor-container elementor-column-gap-no\">\n\t\t\t\t\t<div class=\"elementor-column elementor-col-100 elementor-top-column elementor-element elementor-element-f2db0e4\" data-id=\"f2db0e4\" data-element_type=\"column\" data-e-type=\"column\">\n\t\t\t<div class=\"elementor-widget-wrap elementor-element-populated\">\n\t\t\t\t\t\t<div class=\"elementor-element elementor-element-8bbfb56 elementor-widget elementor-widget-template\" data-id=\"8bbfb56\" data-element_type=\"widget\" data-e-type=\"widget\" data-widget_type=\"template.default\">\n\t\t\t\t<div class=\"elementor-widget-container\">\n\t\t\t\t\t\t\t<div class=\"elementor-template\">\n\t\t\t\t\t<div data-elementor-type=\"section\" data-elementor-id=\"26305\" class=\"elementor elementor-26305 elementor-26304 elementor-26304\" data-elementor-post-type=\"elementor_library\">\n\t\t\t\t\t<section class=\"elementor-section elementor-top-section elementor-element elementor-element-15b4f7 elementor-section-stretched elementor-hidden-desktop elementor-hidden-tablet elementor-hidden-mobile elementor-section-boxed elementor-section-height-default elementor-section-height-default\" data-id=\"15b4f7\" data-element_type=\"section\" data-e-type=\"section\" data-settings=\"{&quot;stretch_section&quot;:&quot;section-stretched&quot;,&quot;background_background&quot;:&quot;classic&quot;}\">\n\t\t\t\t\t\t<div class=\"elementor-container elementor-column-gap-default\">\n\t\t\t\t\t<div class=\"elementor-column elementor-col-100 elementor-top-column elementor-element elementor-element-475aed40\" data-id=\"475aed40\" data-element_type=\"column\" data-e-type=\"column\">\n\t\t\t<div class=\"elementor-widget-wrap elementor-element-populated\">\n\t\t\t\t\t\t<div class=\"elementor-element elementor-element-4e27b401 elementor-widget elementor-widget-image\" data-id=\"4e27b401\" data-element_type=\"widget\" data-e-type=\"widget\" data-widget_type=\"image.default\">\n\t\t\t\t<div class=\"elementor-widget-container\">\n\t\t\t\t\t\t\t\t\t\t\t\t\t\t\t<img decoding=\"async\" width=\"180\" height=\"177\" src=\"https:\/\/healthcenter1.com\/wp-content\/uploads\/2020\/07\/schedule.png\" class=\"attachment-medium size-medium wp-image-24862\" alt=\"\" srcset=\"https:\/\/healthcenter1.com\/wp-content\/uploads\/2020\/07\/schedule.png 180w, https:\/\/healthcenter1.com\/wp-content\/uploads\/2020\/07\/schedule-81x80.png 81w\" sizes=\"(max-width: 180px) 100vw, 180px\" \/>\t\t\t\t\t\t\t\t\t\t\t\t\t\t\t<\/div>\n\t\t\t\t<\/div>\n\t\t\t\t<div class=\"elementor-element elementor-element-7d8f20bb elementor-widget elementor-widget-heading\" data-id=\"7d8f20bb\" data-element_type=\"widget\" data-e-type=\"widget\" data-widget_type=\"heading.default\">\n\t\t\t\t<div class=\"elementor-widget-container\">\n\t\t\t\t\t<h2 class=\"elementor-heading-title elementor-size-default\">Programar una cita<\/h2>\t\t\t\t<\/div>\n\t\t\t\t<\/div>\n\t\t\t\t<div class=\"elementor-element elementor-element-36dff0e0 elementor-widget elementor-widget-text-editor\" data-id=\"36dff0e0\" data-element_type=\"widget\" data-e-type=\"widget\" data-widget_type=\"text-editor.default\">\n\t\t\t\t<div class=\"elementor-widget-container\">\n\t\t\t\t\t\t\t\t\tLlama al 303-615-9999 para concertar una cita con antelaci\u00f3n\t\t\t\t\t\t\t\t<\/div>\n\t\t\t\t<\/div>\n\t\t\t\t<div class=\"elementor-element elementor-element-9f66d33 elementor-widget elementor-widget-text-editor\" data-id=\"9f66d33\" data-element_type=\"widget\" data-e-type=\"widget\" data-widget_type=\"text-editor.default\">\n\t\t\t\t<div class=\"elementor-widget-container\">\n\t\t\t\t\t\t\t\t\t<p>Por favor, tenga en cuenta que hay una tarifa de hasta $50.00 por citas perdidas o cancelaciones con poca antelaci\u00f3n (menos de 24 horas).<\/p>\t\t\t\t\t\t\t\t<\/div>\n\t\t\t\t<\/div>\n\t\t\t\t\t<\/div>\n\t\t<\/div>\n\t\t\t\t\t<\/div>\n\t\t<\/section>\n\t\t\t\t<\/div>\n\t\t\t\t<\/div>\n\t\t\t\t\t\t<\/div>\n\t\t\t\t<\/div>\n\t\t\t\t\t<\/div>\n\t\t<\/div>\n\t\t\t\t\t<\/div>\n\t\t<\/section>\n\t\t\t\t<\/div>\n\t\t","protected":false},"excerpt":{"rendered":"<p>El Centro de Salud de Auraria es el \u00fanico centro de atenci\u00f3n m\u00e9dica del campus de Auraria. Por ello, colaboramos en todo el campus en casos de emergencia, seguridad y salud p\u00fablica. El Centro de Salud de Auraria trabaja con muchos recursos del campus para garantizar que nuestros servicios satisfacen las necesidades de la poblaci\u00f3n a la que servimos.<\/p>\n","protected":false},"author":4,"featured_media":0,"parent":0,"menu_order":0,"comment_status":"closed","ping_status":"closed","template":"","meta":{"_acf_changed":false,"footnotes":""},"class_list":["post-25171","page","type-page","status-publish","hentry"],"acf":[],"yoast_head":"<!-- This site is optimized with the Yoast SEO plugin v27.3 - https:\/\/yoast.com\/product\/yoast-seo-wordpress\/ -->\n<title>Recursos - Health Center at Auraria<\/title>\n<meta name=\"description\" content=\"Your health matters. The Health Center at Auraria offers innovative care to keep students thriving personally and academically.\" \/>\n<meta name=\"robots\" content=\"index, follow, max-snippet:-1, max-image-preview:large, max-video-preview:-1\" \/>\n<link rel=\"canonical\" href=\"https:\/\/healthcenter1.com\/es\/recursos\/\" \/>\n<meta property=\"og:locale\" content=\"es_ES\" \/>\n<meta property=\"og:type\" content=\"article\" \/>\n<meta property=\"og:title\" content=\"Recursos - Health Center at Auraria\" \/>\n<meta property=\"og:description\" content=\"Your health matters. The Health Center at Auraria offers innovative care to keep students thriving personally and academically.\" \/>\n<meta property=\"og:url\" content=\"https:\/\/healthcenter1.com\/es\/recursos\/\" \/>\n<meta property=\"og:site_name\" content=\"Health Center at Auraria\" \/>\n<meta property=\"article:publisher\" content=\"https:\/\/www.facebook.com\/HealthCenteratAuraria\" \/>\n<meta property=\"article:modified_time\" content=\"2025-07-08T15:14:54+00:00\" \/>\n<meta property=\"og:image\" content=\"https:\/\/healthcenter1.com\/wp-content\/uploads\/2024\/03\/HCA_Circle_resources.png\" \/>\n\t<meta property=\"og:image:width\" content=\"670\" \/>\n\t<meta property=\"og:image:height\" content=\"670\" \/>\n\t<meta property=\"og:image:type\" content=\"image\/png\" \/>\n<meta name=\"twitter:card\" content=\"summary_large_image\" \/>\n<meta name=\"twitter:label1\" content=\"Tiempo de lectura\" \/>\n\t<meta name=\"twitter:data1\" content=\"2 minutos\" \/>\n<script type=\"application\/ld+json\" class=\"yoast-schema-graph\">{\"@context\":\"https:\\\/\\\/schema.org\",\"@graph\":[{\"@type\":\"WebPage\",\"@id\":\"https:\\\/\\\/healthcenter1.com\\\/es\\\/recursos\\\/\",\"url\":\"https:\\\/\\\/healthcenter1.com\\\/es\\\/recursos\\\/\",\"name\":\"Recursos - Health Center at Auraria\",\"isPartOf\":{\"@id\":\"https:\\\/\\\/healthcenter1.com\\\/es\\\/#website\"},\"primaryImageOfPage\":{\"@id\":\"https:\\\/\\\/healthcenter1.com\\\/es\\\/recursos\\\/#primaryimage\"},\"image\":{\"@id\":\"https:\\\/\\\/healthcenter1.com\\\/es\\\/recursos\\\/#primaryimage\"},\"thumbnailUrl\":\"https:\\\/\\\/healthcenter1.com\\\/wp-content\\\/uploads\\\/2024\\\/03\\\/HCA_Circle_resources.png\",\"datePublished\":\"2020-09-03T00:57:08+00:00\",\"dateModified\":\"2025-07-08T15:14:54+00:00\",\"description\":\"Your health matters. The Health Center at Auraria offers innovative care to keep students thriving personally and academically.\",\"breadcrumb\":{\"@id\":\"https:\\\/\\\/healthcenter1.com\\\/es\\\/recursos\\\/#breadcrumb\"},\"inLanguage\":\"es\",\"potentialAction\":[{\"@type\":\"ReadAction\",\"target\":[\"https:\\\/\\\/healthcenter1.com\\\/es\\\/recursos\\\/\"]}]},{\"@type\":\"ImageObject\",\"inLanguage\":\"es\",\"@id\":\"https:\\\/\\\/healthcenter1.com\\\/es\\\/recursos\\\/#primaryimage\",\"url\":\"https:\\\/\\\/healthcenter1.com\\\/wp-content\\\/uploads\\\/2024\\\/03\\\/HCA_Circle_resources.png\",\"contentUrl\":\"https:\\\/\\\/healthcenter1.com\\\/wp-content\\\/uploads\\\/2024\\\/03\\\/HCA_Circle_resources.png\"},{\"@type\":\"BreadcrumbList\",\"@id\":\"https:\\\/\\\/healthcenter1.com\\\/es\\\/recursos\\\/#breadcrumb\",\"itemListElement\":[{\"@type\":\"ListItem\",\"position\":1,\"name\":\"Home\",\"item\":\"https:\\\/\\\/healthcenter1.com\\\/es\\\/\"},{\"@type\":\"ListItem\",\"position\":2,\"name\":\"Recursos\"}]},{\"@type\":\"WebSite\",\"@id\":\"https:\\\/\\\/healthcenter1.com\\\/es\\\/#website\",\"url\":\"https:\\\/\\\/healthcenter1.com\\\/es\\\/\",\"name\":\"Health Center at Auraria\",\"description\":\"\",\"publisher\":{\"@id\":\"https:\\\/\\\/healthcenter1.com\\\/es\\\/#organization\"},\"potentialAction\":[{\"@type\":\"SearchAction\",\"target\":{\"@type\":\"EntryPoint\",\"urlTemplate\":\"https:\\\/\\\/healthcenter1.com\\\/es\\\/?s={search_term_string}\"},\"query-input\":{\"@type\":\"PropertyValueSpecification\",\"valueRequired\":true,\"valueName\":\"search_term_string\"}}],\"inLanguage\":\"es\"},{\"@type\":\"Organization\",\"@id\":\"https:\\\/\\\/healthcenter1.com\\\/es\\\/#organization\",\"name\":\"Health Center at Auraria\",\"url\":\"https:\\\/\\\/healthcenter1.com\\\/es\\\/\",\"logo\":{\"@type\":\"ImageObject\",\"inLanguage\":\"es\",\"@id\":\"https:\\\/\\\/healthcenter1.com\\\/es\\\/#\\\/schema\\\/logo\\\/image\\\/\",\"url\":\"https:\\\/\\\/healthcenter1.com\\\/wp-content\\\/uploads\\\/2024\\\/12\\\/hca-favicon.png\",\"contentUrl\":\"https:\\\/\\\/healthcenter1.com\\\/wp-content\\\/uploads\\\/2024\\\/12\\\/hca-favicon.png\",\"width\":200,\"height\":199,\"caption\":\"Health Center at Auraria\"},\"image\":{\"@id\":\"https:\\\/\\\/healthcenter1.com\\\/es\\\/#\\\/schema\\\/logo\\\/image\\\/\"},\"sameAs\":[\"https:\\\/\\\/www.facebook.com\\\/HealthCenteratAuraria\",\"https:\\\/\\\/www.instagram.com\\\/hcauraria\\\/\"]}]}<\/script>\n<!-- \/ Yoast SEO plugin. -->","yoast_head_json":{"title":"Recursos - Health Center at Auraria","description":"Your health matters. The Health Center at Auraria offers innovative care to keep students thriving personally and academically.","robots":{"index":"index","follow":"follow","max-snippet":"max-snippet:-1","max-image-preview":"max-image-preview:large","max-video-preview":"max-video-preview:-1"},"canonical":"https:\/\/healthcenter1.com\/es\/recursos\/","og_locale":"es_ES","og_type":"article","og_title":"Recursos - Health Center at Auraria","og_description":"Your health matters. The Health Center at Auraria offers innovative care to keep students thriving personally and academically.","og_url":"https:\/\/healthcenter1.com\/es\/recursos\/","og_site_name":"Health Center at Auraria","article_publisher":"https:\/\/www.facebook.com\/HealthCenteratAuraria","article_modified_time":"2025-07-08T15:14:54+00:00","og_image":[{"width":670,"height":670,"url":"https:\/\/healthcenter1.com\/wp-content\/uploads\/2024\/03\/HCA_Circle_resources.png","type":"image\/png"}],"twitter_card":"summary_large_image","twitter_misc":{"Tiempo de lectura":"2 minutos"},"schema":{"@context":"https:\/\/schema.org","@graph":[{"@type":"WebPage","@id":"https:\/\/healthcenter1.com\/es\/recursos\/","url":"https:\/\/healthcenter1.com\/es\/recursos\/","name":"Recursos - Health Center at Auraria","isPartOf":{"@id":"https:\/\/healthcenter1.com\/es\/#website"},"primaryImageOfPage":{"@id":"https:\/\/healthcenter1.com\/es\/recursos\/#primaryimage"},"image":{"@id":"https:\/\/healthcenter1.com\/es\/recursos\/#primaryimage"},"thumbnailUrl":"https:\/\/healthcenter1.com\/wp-content\/uploads\/2024\/03\/HCA_Circle_resources.png","datePublished":"2020-09-03T00:57:08+00:00","dateModified":"2025-07-08T15:14:54+00:00","description":"Your health matters. The Health Center at Auraria offers innovative care to keep students thriving personally and academically.","breadcrumb":{"@id":"https:\/\/healthcenter1.com\/es\/recursos\/#breadcrumb"},"inLanguage":"es","potentialAction":[{"@type":"ReadAction","target":["https:\/\/healthcenter1.com\/es\/recursos\/"]}]},{"@type":"ImageObject","inLanguage":"es","@id":"https:\/\/healthcenter1.com\/es\/recursos\/#primaryimage","url":"https:\/\/healthcenter1.com\/wp-content\/uploads\/2024\/03\/HCA_Circle_resources.png","contentUrl":"https:\/\/healthcenter1.com\/wp-content\/uploads\/2024\/03\/HCA_Circle_resources.png"},{"@type":"BreadcrumbList","@id":"https:\/\/healthcenter1.com\/es\/recursos\/#breadcrumb","itemListElement":[{"@type":"ListItem","position":1,"name":"Home","item":"https:\/\/healthcenter1.com\/es\/"},{"@type":"ListItem","position":2,"name":"Recursos"}]},{"@type":"WebSite","@id":"https:\/\/healthcenter1.com\/es\/#website","url":"https:\/\/healthcenter1.com\/es\/","name":"Health Center at Auraria","description":"","publisher":{"@id":"https:\/\/healthcenter1.com\/es\/#organization"},"potentialAction":[{"@type":"SearchAction","target":{"@type":"EntryPoint","urlTemplate":"https:\/\/healthcenter1.com\/es\/?s={search_term_string}"},"query-input":{"@type":"PropertyValueSpecification","valueRequired":true,"valueName":"search_term_string"}}],"inLanguage":"es"},{"@type":"Organization","@id":"https:\/\/healthcenter1.com\/es\/#organization","name":"Health Center at Auraria","url":"https:\/\/healthcenter1.com\/es\/","logo":{"@type":"ImageObject","inLanguage":"es","@id":"https:\/\/healthcenter1.com\/es\/#\/schema\/logo\/image\/","url":"https:\/\/healthcenter1.com\/wp-content\/uploads\/2024\/12\/hca-favicon.png","contentUrl":"https:\/\/healthcenter1.com\/wp-content\/uploads\/2024\/12\/hca-favicon.png","width":200,"height":199,"caption":"Health Center at Auraria"},"image":{"@id":"https:\/\/healthcenter1.com\/es\/#\/schema\/logo\/image\/"},"sameAs":["https:\/\/www.facebook.com\/HealthCenteratAuraria","https:\/\/www.instagram.com\/hcauraria\/"]}]}},"_links":{"self":[{"href":"https:\/\/healthcenter1.com\/es\/wp-json\/wp\/v2\/pages\/25171","targetHints":{"allow":["GET"]}}],"collection":[{"href":"https:\/\/healthcenter1.com\/es\/wp-json\/wp\/v2\/pages"}],"about":[{"href":"https:\/\/healthcenter1.com\/es\/wp-json\/wp\/v2\/types\/page"}],"author":[{"embeddable":true,"href":"https:\/\/healthcenter1.com\/es\/wp-json\/wp\/v2\/users\/4"}],"replies":[{"embeddable":true,"href":"https:\/\/healthcenter1.com\/es\/wp-json\/wp\/v2\/comments?post=25171"}],"version-history":[{"count":0,"href":"https:\/\/healthcenter1.com\/es\/wp-json\/wp\/v2\/pages\/25171\/revisions"}],"wp:attachment":[{"href":"https:\/\/healthcenter1.com\/es\/wp-json\/wp\/v2\/media?parent=25171"}],"curies":[{"name":"wp","href":"https:\/\/api.w.org\/{rel}","templated":true}]}}