{"id":25192,"date":"2021-05-13T22:42:09","date_gmt":"2021-05-14T04:42:09","guid":{"rendered":"https:\/\/healthcenter1.com\/condiciones-de-uso\/"},"modified":"2023-08-18T05:28:14","modified_gmt":"2023-08-18T11:28:14","slug":"condiciones-de-uso","status":"publish","type":"page","link":"https:\/\/healthcenter1.com\/es\/condiciones-de-uso\/","title":{"rendered":"Condiciones de uso"},"content":{"rendered":"\t\t<div data-elementor-type=\"wp-page\" data-elementor-id=\"25192\" class=\"elementor elementor-25192 elementor-24150\" data-elementor-post-type=\"page\">\n\t\t\t\t\t\t<section class=\"elementor-section elementor-top-section elementor-element elementor-element-e9d5173 elementor-section-boxed elementor-section-height-default elementor-section-height-default\" data-id=\"e9d5173\" data-element_type=\"section\" data-e-type=\"section\">\n\t\t\t\t\t\t<div class=\"elementor-container elementor-column-gap-default\">\n\t\t\t\t\t<div class=\"elementor-column elementor-col-100 elementor-top-column elementor-element elementor-element-f8a9c75\" data-id=\"f8a9c75\" data-element_type=\"column\" data-e-type=\"column\">\n\t\t\t<div class=\"elementor-widget-wrap elementor-element-populated\">\n\t\t\t\t\t\t<div class=\"elementor-element elementor-element-e4afcfe elementor-widget elementor-widget-text-editor\" data-id=\"e4afcfe\" data-element_type=\"widget\" data-e-type=\"widget\" data-widget_type=\"text-editor.default\">\n\t\t\t\t<div class=\"elementor-widget-container\">\n\t\t\t\t\t\t\t\t\t<p><strong>Condiciones de uso<\/strong><strong>\n  <br>\n<\/strong><strong>Descargo de responsabilidad y condiciones de uso<\/strong><\/p><p>P\u00e1ginas web del Centro de Salud de Auraria en <a href=\"http:\/\/www.healthcenter1.com\">www.healthcenter1.com<\/a><\/p><p><b>1 &#8211; Uso aceptable<br><\/b><span style=\"color: var( --e-global-color-text ); font-family: var( --e-global-typography-text-font-family ), mont; font-weight: var( --e-global-typography-text-font-weight );\">Su acceso y uso de este sitio web, y de cualquier p\u00e1gina o funci\u00f3n contenida en \u00e9l, est\u00e1 sujeto a las siguientes condiciones de uso y a todas las leyes aplicables. Lea atentamente la siguiente informaci\u00f3n antes de acceder a este sitio web. Si no est\u00e1 de acuerdo con estos t\u00e9rminos y condiciones, salga inmediatamente de este sitio web. El uso continuado de este sitio web indica su acuerdo y aceptaci\u00f3n de los siguientes t\u00e9rminos y condiciones.<\/span><\/p><p>Los recursos de informaci\u00f3n disponibles en este sitio web se proporcionan para facilitar las operaciones del Centro de Salud de Auraria (HCA), y sus miembros, incluyendo estudiantes, profesores y personal. El uso de la informaci\u00f3n presentada en estas p\u00e1ginas web es para el uso personal de usted, el individuo que lee estas p\u00e1ginas. No se permite el uso de la informaci\u00f3n de este sitio para fines comerciales, salvo los expresamente aprobados por HCA.<\/p><p><strong>2 &#8211; Derechos de autor<br><\/strong>Todo el material de este sitio web, y los archivos asociados a \u00e9l, est\u00e1n protegidos por los derechos de autor de HCA como propietario y operador de HCA, o por el creador original de dicho material. Est\u00e1 protegido por las leyes de derechos de autor de los Estados Unidos de Am\u00e9rica y por tratados con otras naciones. A menos que se indique lo contrario, ning\u00fan material de este sitio web es de dominio p\u00fablico. No se puede descargar, copiar, reproducir, redistribuir, volver a publicar, mostrar p\u00fablicamente, publicar o transmitir material de este sitio web a menos que se permita, y entonces s\u00f3lo se incluir\u00e1 el material designado dentro de los par\u00e1metros del permiso concedido. El Centro de Salud de Auraria no declara ni garantiza en modo alguno que el uso que usted haga de los materiales expuestos en este sitio web no infrinja los derechos de terceros.<\/p><p>El Centro de Salud de Auraria ha designado a un agente para que reciba las notificaciones de presuntas infracciones de los derechos de autor en los dominios mencionados. Si cree que su obra protegida por derechos de autor est\u00e1 siendo infringida en uno de estos sitios, notifique a nuestro agente de derechos de autor en <a href=\"mailto:health_center_support@msudenver.edu\">health_center_support@msudenver.edu.<\/a><\/p><p><b>3 &#8211; Enlaces a los sitios web del Centro de Salud de Auraria y enlaces de terceros<br><\/b><span style=\"color: var( --e-global-color-text ); font-family: var( --e-global-typography-text-font-family ), mont; font-weight: var( --e-global-typography-text-font-weight );\">Tenga en cuenta que este sitio web est\u00e1 vinculado a otros sitios web que pueden tener condiciones de uso y pol\u00edticas de privacidad diferentes. Consulte esos sitios web y aplicaciones m\u00f3viles para obtener la informaci\u00f3n adecuada. Por favor, comprenda que HCA no tiene ning\u00fan control sobre el contenido de estos sitios web de terceros. Adem\u00e1s, un hiperv\u00ednculo a un sitio web que no sea de HCA no significa que HCA respalde o acepte ninguna responsabilidad por el contenido o el uso del sitio web vinculado. Si decide acceder a cualquiera de los sitios web de terceros vinculados a este sitio web, lo har\u00e1 bajo su propia responsabilidad.<\/span><\/p><p><strong>4 &#8211; Exactitud e integridad de la informaci\u00f3n<br><\/strong>The Health Center at Auraria no garantiza la exactitud, fiabilidad o integridad de la informaci\u00f3n contenida en este sitio web. Es posible que el sitio web incluya errores tipogr\u00e1ficos, inexactitudes u otros errores, y que se realicen adiciones, supresiones y modificaciones no autorizadas en este sitio web por parte de terceros. En caso de que se produzca una inexactitud, le rogamos que informe al webmaster para que pueda ser corregida.<\/p><p><strong>5 &#8211; Blogs, opiniones individuales y otras comunicaciones<br><\/strong>Las opiniones expresadas a trav\u00e9s del sitio web son las del autor o de otra persona atribuida y no representan necesariamente la opini\u00f3n oficial de HCA, a menos que se declare expl\u00edcitamente de manera formal y con autoridad para hacerlo.<\/p><p><strong>6 &#8211; Limitaci\u00f3n de la responsabilidad y exenci\u00f3n de garant\u00edas<br><\/strong>EL USUARIO RECONOCE Y ACEPTA QUE EL USO DE ESTE SITIO SE HACE BAJO SU PROPIA <strong>RESPONSABILIDAD<\/strong>Y QUE EL SITIO Y CUALQUIER INFORMACI\u00d3N CONTENIDA O PROPORCIONADA A TRAV\u00c9S DEL SITIO SE PROPORCIONAN &#8220;TAL CUAL&#8221;. HCA NO OFRECE NINGUNA GARANT\u00cdA, EXPRESA O IMPL\u00cdCITA, SOBRE EL USO DE ESTE SITIO O DE LOS MATERIALES QUE CONTIENE, Y RECHAZA CUALQUIER GARANT\u00cdA EXPRESA O IMPL\u00cdCITA DE EXACTITUD O CALIDAD, AS\u00cd COMO CUALQUIER GARANT\u00cdA IMPL\u00cdCITA DE COMERCIABILIDAD, IDONEIDAD PARA UN FIN DETERMINADO O NO INFRACCI\u00d3N. HCA TAMBI\u00c9N RECHAZA EXPRESAMENTE CUALQUIER RESPONSABILIDAD POR CUALQUIER DA\u00d1O O VIRUS QUE PUEDA INFECTAR SU EQUIPO INFORM\u00c1TICO U OTRA PROPIEDAD AL ACCEDER O NAVEGAR POR EL SITIO O DESCARGAR MATERIAL DEL MISMO. BAJO NINGUNA CIRCUNSTANCIA HCA SER\u00c1 RESPONSABLE DE NING\u00daN DA\u00d1O DIRECTO, INDIRECTO, INCIDENTAL, ESPECIAL, CONSECUENTE, EJEMPLAR O PUNITIVO, HONORARIOS, MULTAS O SANCIONES, P\u00c9RDIDA DE INGRESOS O NEGOCIOS O RESPONSABILIDADES QUE SURJAN O SE RELACIONEN DE ALGUNA MANERA CON EL USO DE ESTE SITIO, O DE LOS SITIOS A LOS QUE SE ACCEDE A TRAV\u00c9S DE ESTE SITIO, Y\/O DEL CONTENIDO O LA INFORMACI\u00d3N PROPORCIONADA EN O A TRAV\u00c9S DE ESTE SITIO. USTED RECONOCE Y ACEPTA QUE SU \u00daNICO Y EXCLUSIVO RECURSO EN CASO DE INSATISFACCI\u00d3N CON ESTE SITIO ES DEJAR DE UTILIZARLO.<\/p><p><strong>7 &#8211; Contenido enviado por el usuario<br><\/strong>Cualquier comunicaci\u00f3n o material que usted transmita al sitio web por correo electr\u00f3nico o de otra manera, incluyendo datos, preguntas, comentarios, sugerencias o similares, es, y puede ser tratado como, no confidencial y no propietario. Usted reconoce que es responsable de toda la informaci\u00f3n que env\u00ede al sitio web. No puede publicar o transmitir ninguna informaci\u00f3n que sea ilegal, amenazante, calumniosa, difamatoria, obscena, \u00e9tnica o racialmente ofensiva o discriminatoria, profana, que infrinja los derechos de autor u otros derechos de propiedad intelectual de terceros, que invada la privacidad de otra persona o cualquier otra informaci\u00f3n o material que constituya un delito, d\u00e9 lugar a una acci\u00f3n civil o viole de otro modo cualquier ley o acuerdo de confidencialidad. HCA se reserva el derecho de rechazar la publicaci\u00f3n de cualquier mensaje de este tipo y puede emprender las acciones legales pertinentes.<\/p><p><strong>8 &#8211; Privacidad<br><\/strong>Por favor, consulte nuestra p\u00e1gina de privacidad para una discusi\u00f3n completa de c\u00f3mo Health Center at Auraria utiliza la informaci\u00f3n que usted comunica a trav\u00e9s de nuestro sitio web.<\/p><p><strong>9 &#8211; Marcas comerciales<br><\/strong>Todas las marcas comerciales, marcas de servicio y logotipos (&#8220;Marcas comerciales&#8221;) mostradas y utilizadas en este sitio web son propiedad de HCA o son utilizadas por HCA con el permiso de sus respectivos propietarios. Nada en este sitio web debe interpretarse como la concesi\u00f3n de un derecho o una licencia para utilizar cualquier marca comercial sin el permiso escrito de su propietario.<\/p><p><strong>10 &#8211; Publicidad y propaganda<br><\/strong>Usted no utilizar\u00e1 ning\u00fan nombre o logotipo de Health Center at Auraria en ninguna forma de publicidad o material promocional o publicitario, ni en ninguna comunicaci\u00f3n con los medios de comunicaci\u00f3n sin el consentimiento previo por escrito de HCA para el uso espec\u00edfico contemplado. HCA no respalda, recomienda ni aprueba los productos y servicios comerciales que aparecen en este sitio web, si es que los hay.<\/p><p><strong>11 &#8211; Revisiones<br><\/strong>Health Center at Auraria se reserva el derecho de modificar y complementar estas condiciones en cualquier momento, sin previo aviso, publicando las nuevas condiciones en el sitio web y dentro de las condiciones de uso. Usted se compromete a revisar estos t\u00e9rminos peri\u00f3dicamente para estar al tanto de dicha modificaci\u00f3n y su acceso o uso del sitio web se considerar\u00e1 como su aceptaci\u00f3n del acuerdo modificado.<\/p><p><strong>12 &#8211; Elecci\u00f3n de la ley, del foro y de la divisibilidad<br><\/strong>Este acuerdo se rige por las leyes, normas y reglamentos del Estado de Colorado, tal y como est\u00e1n en vigor o como puedan ser enmendados o modificados posteriormente, sin referencia a la elecci\u00f3n de las normas legales de ning\u00fan estado. En cualquier acci\u00f3n para hacer cumplir estas Condiciones de Uso, HCA tendr\u00e1 derecho a las costas judiciales y a los honorarios de los abogados. Si una corte u otro tribunal de jurisdicci\u00f3n competente considera que alguna de las disposiciones de este acuerdo no es ejecutable, dichas disposiciones se limitar\u00e1n o eliminar\u00e1n en la medida m\u00ednima necesaria para que este acuerdo siga teniendo plena vigencia.<\/p><p><strong>USTED ACEPTA ESTAS CONDICIONES AL UTILIZAR ESTE SITIO WEB<br><\/strong>Si tiene alguna pregunta sobre este sitio web o sobre las Condiciones de Uso, puede ponerse en contacto con nosotros en: <a href=\"\/contact-us\/\">\/contact-us\/<\/a><\/p>\t\t\t\t\t\t\t\t<\/div>\n\t\t\t\t<\/div>\n\t\t\t\t\t<\/div>\n\t\t<\/div>\n\t\t\t\t\t<\/div>\n\t\t<\/section>\n\t\t\t\t<\/div>\n\t\t","protected":false},"excerpt":{"rendered":"<p>Condiciones de uso<\/p>\n","protected":false},"author":4,"featured_media":0,"parent":0,"menu_order":0,"comment_status":"closed","ping_status":"closed","template":"","meta":{"_acf_changed":false,"footnotes":""},"class_list":["post-25192","page","type-page","status-publish","hentry"],"acf":[],"yoast_head":"<!-- This site is optimized with the Yoast SEO plugin v27.5 - https:\/\/yoast.com\/product\/yoast-seo-wordpress\/ -->\n<title>Condiciones de uso - Health Center at Auraria<\/title>\n<meta name=\"description\" content=\"Your health matters. The Health Center at Auraria offers innovative care to keep students thriving personally and academically.\" \/>\n<meta name=\"robots\" content=\"index, follow, max-snippet:-1, max-image-preview:large, max-video-preview:-1\" \/>\n<link rel=\"canonical\" href=\"https:\/\/healthcenter1.com\/es\/condiciones-de-uso\/\" \/>\n<meta property=\"og:locale\" content=\"es_ES\" \/>\n<meta property=\"og:type\" content=\"article\" \/>\n<meta property=\"og:title\" content=\"Condiciones de uso - Health Center at Auraria\" \/>\n<meta property=\"og:description\" content=\"Your health matters. The Health Center at Auraria offers innovative care to keep students thriving personally and academically.\" \/>\n<meta property=\"og:url\" content=\"https:\/\/healthcenter1.com\/es\/condiciones-de-uso\/\" \/>\n<meta property=\"og:site_name\" content=\"Health Center at Auraria\" \/>\n<meta property=\"article:publisher\" content=\"https:\/\/www.facebook.com\/HealthCenteratAuraria\" \/>\n<meta property=\"article:modified_time\" content=\"2023-08-18T11:28:14+00:00\" \/>\n<meta name=\"twitter:card\" content=\"summary_large_image\" \/>\n<meta name=\"twitter:label1\" content=\"Tiempo de lectura\" \/>\n\t<meta name=\"twitter:data1\" content=\"7 minutos\" \/>\n<script type=\"application\/ld+json\" class=\"yoast-schema-graph\">{\"@context\":\"https:\\\/\\\/schema.org\",\"@graph\":[{\"@type\":\"WebPage\",\"@id\":\"https:\\\/\\\/healthcenter1.com\\\/es\\\/condiciones-de-uso\\\/\",\"url\":\"https:\\\/\\\/healthcenter1.com\\\/es\\\/condiciones-de-uso\\\/\",\"name\":\"Condiciones de uso - Health Center at Auraria\",\"isPartOf\":{\"@id\":\"https:\\\/\\\/healthcenter1.com\\\/es\\\/#website\"},\"datePublished\":\"2021-05-14T04:42:09+00:00\",\"dateModified\":\"2023-08-18T11:28:14+00:00\",\"description\":\"Your health matters. The Health Center at Auraria offers innovative care to keep students thriving personally and academically.\",\"breadcrumb\":{\"@id\":\"https:\\\/\\\/healthcenter1.com\\\/es\\\/condiciones-de-uso\\\/#breadcrumb\"},\"inLanguage\":\"es\",\"potentialAction\":[{\"@type\":\"ReadAction\",\"target\":[\"https:\\\/\\\/healthcenter1.com\\\/es\\\/condiciones-de-uso\\\/\"]}]},{\"@type\":\"BreadcrumbList\",\"@id\":\"https:\\\/\\\/healthcenter1.com\\\/es\\\/condiciones-de-uso\\\/#breadcrumb\",\"itemListElement\":[{\"@type\":\"ListItem\",\"position\":1,\"name\":\"Home\",\"item\":\"https:\\\/\\\/healthcenter1.com\\\/es\\\/\"},{\"@type\":\"ListItem\",\"position\":2,\"name\":\"Condiciones de uso\"}]},{\"@type\":\"WebSite\",\"@id\":\"https:\\\/\\\/healthcenter1.com\\\/es\\\/#website\",\"url\":\"https:\\\/\\\/healthcenter1.com\\\/es\\\/\",\"name\":\"Health Center at Auraria\",\"description\":\"\",\"publisher\":{\"@id\":\"https:\\\/\\\/healthcenter1.com\\\/es\\\/#organization\"},\"potentialAction\":[{\"@type\":\"SearchAction\",\"target\":{\"@type\":\"EntryPoint\",\"urlTemplate\":\"https:\\\/\\\/healthcenter1.com\\\/es\\\/?s={search_term_string}\"},\"query-input\":{\"@type\":\"PropertyValueSpecification\",\"valueRequired\":true,\"valueName\":\"search_term_string\"}}],\"inLanguage\":\"es\"},{\"@type\":\"Organization\",\"@id\":\"https:\\\/\\\/healthcenter1.com\\\/es\\\/#organization\",\"name\":\"Health Center at Auraria\",\"url\":\"https:\\\/\\\/healthcenter1.com\\\/es\\\/\",\"logo\":{\"@type\":\"ImageObject\",\"inLanguage\":\"es\",\"@id\":\"https:\\\/\\\/healthcenter1.com\\\/es\\\/#\\\/schema\\\/logo\\\/image\\\/\",\"url\":\"https:\\\/\\\/healthcenter1.com\\\/wp-content\\\/uploads\\\/2024\\\/12\\\/hca-favicon.png\",\"contentUrl\":\"https:\\\/\\\/healthcenter1.com\\\/wp-content\\\/uploads\\\/2024\\\/12\\\/hca-favicon.png\",\"width\":200,\"height\":199,\"caption\":\"Health Center at Auraria\"},\"image\":{\"@id\":\"https:\\\/\\\/healthcenter1.com\\\/es\\\/#\\\/schema\\\/logo\\\/image\\\/\"},\"sameAs\":[\"https:\\\/\\\/www.facebook.com\\\/HealthCenteratAuraria\",\"https:\\\/\\\/www.instagram.com\\\/hcauraria\\\/\"]}]}<\/script>\n<!-- \/ Yoast SEO plugin. -->","yoast_head_json":{"title":"Condiciones de uso - Health Center at Auraria","description":"Your health matters. The Health Center at Auraria offers innovative care to keep students thriving personally and academically.","robots":{"index":"index","follow":"follow","max-snippet":"max-snippet:-1","max-image-preview":"max-image-preview:large","max-video-preview":"max-video-preview:-1"},"canonical":"https:\/\/healthcenter1.com\/es\/condiciones-de-uso\/","og_locale":"es_ES","og_type":"article","og_title":"Condiciones de uso - Health Center at Auraria","og_description":"Your health matters. The Health Center at Auraria offers innovative care to keep students thriving personally and academically.","og_url":"https:\/\/healthcenter1.com\/es\/condiciones-de-uso\/","og_site_name":"Health Center at Auraria","article_publisher":"https:\/\/www.facebook.com\/HealthCenteratAuraria","article_modified_time":"2023-08-18T11:28:14+00:00","twitter_card":"summary_large_image","twitter_misc":{"Tiempo de lectura":"7 minutos"},"schema":{"@context":"https:\/\/schema.org","@graph":[{"@type":"WebPage","@id":"https:\/\/healthcenter1.com\/es\/condiciones-de-uso\/","url":"https:\/\/healthcenter1.com\/es\/condiciones-de-uso\/","name":"Condiciones de uso - Health Center at Auraria","isPartOf":{"@id":"https:\/\/healthcenter1.com\/es\/#website"},"datePublished":"2021-05-14T04:42:09+00:00","dateModified":"2023-08-18T11:28:14+00:00","description":"Your health matters. The Health Center at Auraria offers innovative care to keep students thriving personally and academically.","breadcrumb":{"@id":"https:\/\/healthcenter1.com\/es\/condiciones-de-uso\/#breadcrumb"},"inLanguage":"es","potentialAction":[{"@type":"ReadAction","target":["https:\/\/healthcenter1.com\/es\/condiciones-de-uso\/"]}]},{"@type":"BreadcrumbList","@id":"https:\/\/healthcenter1.com\/es\/condiciones-de-uso\/#breadcrumb","itemListElement":[{"@type":"ListItem","position":1,"name":"Home","item":"https:\/\/healthcenter1.com\/es\/"},{"@type":"ListItem","position":2,"name":"Condiciones de uso"}]},{"@type":"WebSite","@id":"https:\/\/healthcenter1.com\/es\/#website","url":"https:\/\/healthcenter1.com\/es\/","name":"Health Center at Auraria","description":"","publisher":{"@id":"https:\/\/healthcenter1.com\/es\/#organization"},"potentialAction":[{"@type":"SearchAction","target":{"@type":"EntryPoint","urlTemplate":"https:\/\/healthcenter1.com\/es\/?s={search_term_string}"},"query-input":{"@type":"PropertyValueSpecification","valueRequired":true,"valueName":"search_term_string"}}],"inLanguage":"es"},{"@type":"Organization","@id":"https:\/\/healthcenter1.com\/es\/#organization","name":"Health Center at Auraria","url":"https:\/\/healthcenter1.com\/es\/","logo":{"@type":"ImageObject","inLanguage":"es","@id":"https:\/\/healthcenter1.com\/es\/#\/schema\/logo\/image\/","url":"https:\/\/healthcenter1.com\/wp-content\/uploads\/2024\/12\/hca-favicon.png","contentUrl":"https:\/\/healthcenter1.com\/wp-content\/uploads\/2024\/12\/hca-favicon.png","width":200,"height":199,"caption":"Health Center at Auraria"},"image":{"@id":"https:\/\/healthcenter1.com\/es\/#\/schema\/logo\/image\/"},"sameAs":["https:\/\/www.facebook.com\/HealthCenteratAuraria","https:\/\/www.instagram.com\/hcauraria\/"]}]}},"_links":{"self":[{"href":"https:\/\/healthcenter1.com\/es\/wp-json\/wp\/v2\/pages\/25192","targetHints":{"allow":["GET"]}}],"collection":[{"href":"https:\/\/healthcenter1.com\/es\/wp-json\/wp\/v2\/pages"}],"about":[{"href":"https:\/\/healthcenter1.com\/es\/wp-json\/wp\/v2\/types\/page"}],"author":[{"embeddable":true,"href":"https:\/\/healthcenter1.com\/es\/wp-json\/wp\/v2\/users\/4"}],"replies":[{"embeddable":true,"href":"https:\/\/healthcenter1.com\/es\/wp-json\/wp\/v2\/comments?post=25192"}],"version-history":[{"count":0,"href":"https:\/\/healthcenter1.com\/es\/wp-json\/wp\/v2\/pages\/25192\/revisions"}],"wp:attachment":[{"href":"https:\/\/healthcenter1.com\/es\/wp-json\/wp\/v2\/media?parent=25192"}],"curies":[{"name":"wp","href":"https:\/\/api.w.org\/{rel}","templated":true}]}}