{"id":25317,"date":"2019-05-08T01:38:14","date_gmt":"2019-05-08T07:38:14","guid":{"rendered":"https:\/\/healthcenter1.com\/politica-de-privacidad-2\/"},"modified":"2023-08-18T05:37:15","modified_gmt":"2023-08-18T11:37:15","slug":"politica-de-privacidad-2","status":"publish","type":"page","link":"https:\/\/healthcenter1.com\/es\/politica-de-privacidad-2\/","title":{"rendered":"Pol\u00edtica de privacidad"},"content":{"rendered":"\t\t<div data-elementor-type=\"wp-page\" data-elementor-id=\"25317\" class=\"elementor elementor-25317 elementor-3\" data-elementor-post-type=\"page\">\n\t\t\t\t\t\t<section class=\"elementor-section elementor-top-section elementor-element elementor-element-4adc0a5d elementor-section-boxed elementor-section-height-default elementor-section-height-default\" data-id=\"4adc0a5d\" data-element_type=\"section\" data-e-type=\"section\">\n\t\t\t\t\t\t<div class=\"elementor-container elementor-column-gap-default\">\n\t\t\t\t\t<div class=\"elementor-column elementor-col-100 elementor-top-column elementor-element elementor-element-338413ef\" data-id=\"338413ef\" data-element_type=\"column\" data-e-type=\"column\">\n\t\t\t<div class=\"elementor-widget-wrap elementor-element-populated\">\n\t\t\t\t\t\t<div class=\"elementor-element elementor-element-201dba6c elementor-widget elementor-widget-text-editor\" data-id=\"201dba6c\" data-element_type=\"widget\" data-e-type=\"widget\" data-widget_type=\"text-editor.default\">\n\t\t\t\t<div class=\"elementor-widget-container\">\n\t\t\t\t\t\t\t\t\t<p><strong>Pol\u00edtica de privacidad<\/strong><strong>\n  <br>\n<\/strong><strong>Fecha de entrada en vigor:<\/strong> 1 de enero de 2020<\/p><p><span style=\"color: var( --e-global-color-text ); font-family: var( --e-global-typography-text-font-family ), mont;\"><b>Compromiso con la privacidad individual  <br><\/b><\/span><span style=\"color: var( --e-global-color-text ); font-family: var( --e-global-typography-text-font-family ), mont; font-weight: var( --e-global-typography-text-font-weight );\">El Centro de Salud de Auraria (HCA) apoya la protecci\u00f3n de la privacidad individual y se compromete a garantizar la confidencialidad de la informaci\u00f3n personal proporcionada por los estudiantes y otros miembros de la comunidad de Auraria. Esta pol\u00edtica de privacidad ofrece una descripci\u00f3n general de las formas en que recopilamos informaci\u00f3n sobre las personas, c\u00f3mo podemos utilizar o divulgar esta informaci\u00f3n y c\u00f3mo la protegemos. Esta pol\u00edtica cubre las pr\u00e1cticas comerciales del Centro de Salud de Auraria.<\/span><\/p><p><b>Aviso de privacidad en l\u00ednea<br><\/b><span style=\"color: var( --e-global-color-text ); font-family: var( --e-global-typography-text-font-family ), mont; font-weight: var( --e-global-typography-text-font-weight );\">The Health Center at Auraria apoya la protecci\u00f3n de la privacidad de las personas que visitan el sitio web oficial de HCA (el &#8220;Sitio&#8221;). Reconoce las numerosas leyes que regulan la recogida, el almacenamiento, la transferencia, el uso y el acceso a la informaci\u00f3n personal. Esta declaraci\u00f3n se extiende a la recogida de toda la informaci\u00f3n personal, independientemente de la fuente o el medio.<\/span><\/p><p>Esta declaraci\u00f3n no se aplica a los sitios web creados y mantenidos con fines distintos a la realizaci\u00f3n de actividades oficiales de la Universidad por parte de profesores, personal o estudiantes individuales que utilicen recursos puestos a disposici\u00f3n dentro de un dominio de la Universidad.<\/p><p><strong>Recogida de informaci\u00f3n<\/strong><br><span style=\"color: var( --e-global-color-text ); font-family: var( --e-global-typography-text-font-family ), mont; font-weight: var( --e-global-typography-text-font-weight );\">La pr\u00e1ctica del Centro de Salud de Auraria es recopilar la menor cantidad de informaci\u00f3n personal necesaria para cumplir con sus deberes y responsabilidades, para completar una transacci\u00f3n particular, o seg\u00fan lo requiera la ley. La informaci\u00f3n personal incluye, pero no se limita a, su nombre, direcci\u00f3n de correo electr\u00f3nico, direcci\u00f3n postal, n\u00famero de tel\u00e9fono, nombre de usuario y contrase\u00f1a, y otra informaci\u00f3n espec\u00edfica sobre usted.<\/span><\/p><p>Usted puede elegir si desea o no proporcionar informaci\u00f3n personal al Centro de Salud de Auraria a trav\u00e9s de Internet. Si decide no proporcionar informaci\u00f3n personal, podr\u00e1 seguir visitando y utilizando los recursos del Centro de Salud de Auraria.<\/p><p>A efectos de administraci\u00f3n del sitio web, se recoge informaci\u00f3n no personal para su an\u00e1lisis (&#8220;Informaci\u00f3n de uso&#8221;). La informaci\u00f3n de uso incluye, pero no se limita a, el n\u00famero de visitantes, el n\u00famero de p\u00e1ginas vistas, la direcci\u00f3n IP, las p\u00e1ginas web visitadas antes de visitar el Sitio(s), la informaci\u00f3n del navegador, la informaci\u00f3n t\u00e9cnica sobre su dispositivo, sistema, software y perif\u00e9ricos.  <\/p><p>La informaci\u00f3n de uso se utiliza para ayudar a diagnosticar problemas, evaluar qu\u00e9 informaci\u00f3n es de mayor inter\u00e9s, determinar las especificaciones de dise\u00f1o t\u00e9cnico e identificar el rendimiento del sistema y\/o las \u00e1reas problem\u00e1ticas, as\u00ed como otras funciones administrativas. El Centro de Salud de Auraria puede utilizar la Informaci\u00f3n de Uso para facilitar la provisi\u00f3n de actualizaciones de software, soporte de productos y otros servicios para usted (si los hay).  <\/p><p><strong>Compartir y divulgar su informaci\u00f3n<br><\/strong><span style=\"color: var( --e-global-color-text ); font-family: var( --e-global-typography-text-font-family ), mont; font-weight: var( --e-global-typography-text-font-weight );\">El Centro de Salud de Auraria puede, por ejemplo, proporcionar su informaci\u00f3n personal a terceros en los siguientes casos: (i) en la medida en que sea necesario para cumplir con la legislaci\u00f3n aplicable y con nuestras obligaciones legales, como por ejemplo para cumplir con una citaci\u00f3n o un proceso legal similar; (ii) cuando el Centro de Salud de Auraria considere de buena fe que la divulgaci\u00f3n es necesaria para proteger sus derechos, su seguridad o la de otros; (iii) con terceros vendedores, consultores y otros proveedores de servicios que trabajan para nosotros y necesitan acceder a su informaci\u00f3n para realizar ese trabajo; (iv) para investigar el fraude o responder a una solicitud del gobierno; (v) cumplir con una solicitud apropiada en virtud de la Ley de Registros Abiertos de Colorado (C.R.S. \u00a7 24-72-201 y siguientes); (vi) si usted solicita que alguien del Centro de Salud de Auraria comparta su informaci\u00f3n; y (vii) en relaci\u00f3n con o durante la negociaci\u00f3n de cualquier fusi\u00f3n, financiaci\u00f3n, adquisici\u00f3n o disoluci\u00f3n, transacci\u00f3n o procedimiento que implique la venta, la transferencia, la desinversi\u00f3n o la divulgaci\u00f3n de todo o parte de nuestro negocio o activos a otra empresa.  <\/span><\/p><p><b>Ley de Registros Abiertos de Colorado (CORA)<br><\/b>Como instituci\u00f3n p\u00fablica del estado de Colorado, el Centro de Salud de Auraria debe cumplir con la CORA. La informaci\u00f3n que manejamos, incluida su informaci\u00f3n personal, puede estar disponible para su solicitud en virtud de la CORA si no est\u00e1 protegida por ninguna otra ley o est\u00e1 espec\u00edficamente exenta de divulgaci\u00f3n en virtud de la CORA. No revelaremos informaci\u00f3n protegida por la ley en respuesta a una solicitud de registros p\u00fablicos.  <\/p><p><b>Proteger su informaci\u00f3n<br><\/b><span style=\"color: var( --e-global-color-text ); font-family: var( --e-global-typography-text-font-family ), mont; font-weight: var( --e-global-typography-text-font-weight );\">El Centro de Salud de Auraria cuenta con pol\u00edticas y normas de seguridad relativas a la protecci\u00f3n de la informaci\u00f3n personal. Estas normas incluyen requisitos administrativos y t\u00e9cnicos para proteger adecuadamente la informaci\u00f3n personal. El Centro de Salud de Auraria cuenta con un responsable y un equipo de seguridad de la informaci\u00f3n que ayudan a proteger adecuadamente la informaci\u00f3n personal. Esto incluye la supervisi\u00f3n activa y las evaluaciones para detectar posibles problemas de seguridad.  <\/span><\/p><p>Cuando los proveedores de terceros, consultores y otros proveedores de servicios que trabajan para el Centro de Salud de Auraria manejan su informaci\u00f3n, el Centro de Salud conf\u00eda en una combinaci\u00f3n de requisitos contractuales, auditor\u00edas de terceros, revisiones y evaluaciones de seguridad y como garant\u00edas de que la informaci\u00f3n personal est\u00e1 debidamente protegida.  <\/p><p><b>Seguimiento y publicidad de terceros<br><\/b><span style=\"color: var( --e-global-color-text ); font-family: var( --e-global-typography-text-font-family ), mont; font-weight: var( --e-global-typography-text-font-weight );\">El Centro de Salud de Auraria no es responsable del contenido o de las declaraciones de privacidad de esos enlaces ni del contenido de los sitios web de terceros. Si se le pide que proporcione informaci\u00f3n personal a esos sitios web, le sugerimos que lea detenidamente las declaraciones de privacidad de esos sitios web o aplicaciones m\u00f3viles.<\/span><\/p><p>El Centro de Salud de Auraria puede incluir informaci\u00f3n en el Sitio, incluyendo funciones de medios sociales. Estas funciones de las redes sociales pueden recopilar su direcci\u00f3n IP, la p\u00e1gina que est\u00e1 visitando en nuestro Sitio, y pueden establecer una cookie para permitir que la funci\u00f3n de las redes sociales funcione correctamente. Las funciones de las redes sociales pueden ser alojadas por un tercero o directamente en el sitio del Centro de Salud. Sus interacciones con estas redes sociales se rigen por la declaraci\u00f3n de privacidad de la empresa que las proporciona.<\/p><p>El Centro de Salud de Auraria puede asociarse con una red publicitaria de terceros para gestionar nuestra publicidad en otros sitios. Nuestro socio de la red publicitaria puede utilizar cookies y balizas web para recopilar informaci\u00f3n no identificable sobre sus actividades en el Sitio y ofrecerle despu\u00e9s publicidad del Centro de Salud de Auraria en otros sitios web.<\/p><p><b>Cookies, balizas web y rastreadores<br><\/b><span style=\"color: var( --e-global-color-text ); font-family: var( --e-global-typography-text-font-family ), mont; font-weight: var( --e-global-typography-text-font-weight );\">Health Center at Auraria utiliza ciertas tecnolog\u00edas para ayudarnos a proporcionarle un servicio personalizado y para ayudar a que nuestros sitios web, aplicaciones y servicios funcionen mejor para usted.<\/span><\/p><p>Las cookies son peque\u00f1os archivos de texto enviados desde el Sitio y almacenados en su dispositivo. El uso de cookies es una tecnolog\u00eda necesaria y ampliamente aceptada utilizada por el Sitio para la funcionalidad, el rendimiento, el seguimiento del usuario y la personalizaci\u00f3n. Las cookies de nuestro sitio pueden ser de sesi\u00f3n o persistentes, o una combinaci\u00f3n de ambas:  <\/p><ul><li><strong>Las cookies de sesi\u00f3n <\/strong>son cookies temporales que identifican y rastrean a los usuarios dentro de nuestro Sitio, aplicaciones o servicios y que se eliminan cuando usted cierra su navegador o abandona su sesi\u00f3n en la aplicaci\u00f3n o servicio.<\/li><li>Las <strong>cookies persistentes <\/strong>son cookies que permiten a nuestros sitios web, aplicaciones o servicios &#8220;recordar&#8221; qui\u00e9n es usted y recordar sus preferencias dentro de nuestro Sitio, aplicaciones o servicios y que permanecer\u00e1n en su ordenador o dispositivo despu\u00e9s de que cierre su navegador o abandone su sesi\u00f3n en la aplicaci\u00f3n o servicio.<\/li><\/ul><p>Health Center at Auraria tambi\u00e9n utiliza otra tecnolog\u00eda de sitios web similar conocida como balizas web para contar los usuarios que han visitado nuestro sitio despu\u00e9s de hacer clic desde uno de nuestros anuncios en otro sitio web o en correos electr\u00f3nicos y para recopilar detalles de cualquier servicio del sitio web utilizado. Estas balizas web recogen informaci\u00f3n limitada que no identifica a personas concretas. Aunque no es posible restringir el uso de las balizas web, ya que se utilizan junto con las cookies, puede desactivarlas efectivamente configurando su navegador para restringir o bloquear las cookies.<\/p><p><b>Privacidad de los ni\u00f1os<br><\/b><span style=\"color: var( --e-global-color-text ); font-family: var( --e-global-typography-text-font-family ), mont; font-weight: var( --e-global-typography-text-font-weight );\">Los menores de 13 a\u00f1os no deben registrarse para utilizar ninguna parte del sitio web del Centro de Salud de Auraria, ni proporcionar ninguna informaci\u00f3n personal. Health Center at Auraria no desea ni pretende, a trav\u00e9s de su Sitio, recoger y almacenar ninguna informaci\u00f3n personal de ninguna persona que Health Center at Auraria sepa realmente que es menor de 13 a\u00f1os.  <\/span><span style=\"color: var( --e-global-color-text ); font-family: var( --e-global-typography-text-font-family ), mont; font-weight: var( --e-global-typography-text-font-weight );\"> <\/span><\/p><h5>Informaci\u00f3n m\u00e9dica y sanitaria<\/h5><p>Cierta informaci\u00f3n m\u00e9dica y de salud sobre usted est\u00e1 protegida por la Ley de Portabilidad y Responsabilidad del Seguro M\u00e9dico (&#8220;HIPAA&#8221;) y por la legislaci\u00f3n estatal aplicable. Esta informaci\u00f3n puede ser proporcionada por usted en l\u00ednea o fuera de l\u00ednea, o puede ser recogida por nosotros a partir de otros m\u00e9todos, como a trav\u00e9s de un proveedor de atenci\u00f3n m\u00e9dica. El Centro de Salud de Auraria protege la informaci\u00f3n m\u00e9dica y de salud cubierta como lo requiere la HIPAA y la ley estatal aplicable. Del mismo modo, el Centro de Salud de Auraria puede utilizar la informaci\u00f3n m\u00e9dica y de salud cubierta seg\u00fan lo permitido por la HIPAA y la ley estatal aplicable.<\/p><p>En caso de conflicto entre el Aviso de Pr\u00e1cticas de Privacidad HIPAA del Centro de Salud y esta Declaraci\u00f3n de Privacidad del Sitio Web, prevalecer\u00e1n los t\u00e9rminos de nuestro Aviso de Pr\u00e1cticas de Privacidad HIPAA.<\/p><p><b>Lo que est\u00e1 consintiendo:  <br><\/b><span style=\"color: var( --e-global-color-text ); font-family: var( --e-global-typography-text-font-family ), mont; font-weight: var( --e-global-typography-text-font-weight );\">Al utilizar el Sitio, usted acepta el uso y el tratamiento de su informaci\u00f3n seg\u00fan lo establecido en este Aviso de Privacidad, cuyas actividades se llevar\u00e1n a cabo casi en su totalidad en los Estados Unidos. Si usted reside fuera de los Estados Unidos, su informaci\u00f3n ser\u00e1 transferida a los Estados Unidos, y procesada y almacenada all\u00ed bajo las normas de privacidad de los Estados Unidos. Al utilizar el sitio web y proporcionarnos informaci\u00f3n, usted da su consentimiento para dicha transferencia y procesamiento en los Estados Unidos.<\/span><\/p><p>Si el Centro de Salud de Auraria recopila informaci\u00f3n basada en su consentimiento, el Centro de Salud de Auraria se ajustar\u00e1 a los procesos descritos en cualquier formulario de consentimiento aplicable. Si proporciona informaci\u00f3n bas\u00e1ndose en el consentimiento, por lo general puede retirar su consentimiento en cualquier momento. No obstante, la retirada no afectar\u00e1 al tratamiento basado en dicho consentimiento anterior a la retirada.  <\/p><p><b>Mis derechos en relaci\u00f3n con mi informaci\u00f3n personal:  <br><\/b><span style=\"color: var( --e-global-color-text ); font-family: var( --e-global-typography-text-font-family ), mont; font-weight: var( --e-global-typography-text-font-weight );\">Los derechos que usted tiene en relaci\u00f3n con el uso y la divulgaci\u00f3n de su informaci\u00f3n personal dependen de la naturaleza de su relaci\u00f3n con Health Center at Auraria, de la legislaci\u00f3n aplicable y del tipo de informaci\u00f3n que HCA tiene sobre usted. Tenga en cuenta que los derechos de informaci\u00f3n personal seg\u00fan las leyes de informaci\u00f3n y privacidad internacionales, de Estados Unidos y de Colorado pueden ser diferentes. Dependiendo de la(s) ley(es) aplicable(s), usted puede tener derecho a solicitar:<\/span><\/p><ul><li>Una lista de los tipos de informaci\u00f3n personal que Health Center at Auraria tiene sobre usted;<\/li><li>Que Health Center at Auraria corrija la informaci\u00f3n inexacta sobre usted (Por ejemplo, actualizaciones de su nombre, informaci\u00f3n de contacto, etc.);<\/li><\/ul><p>Debe dirigir todas las solicitudes para ejercer estos derechos a la informaci\u00f3n de contacto proporcionada en la secci\u00f3n de Contacto.<\/p><p><b>Comentarios y opiniones<br><\/b><span style=\"color: var( --e-global-color-text ); font-family: var( --e-global-typography-text-font-family ), mont; font-weight: var( --e-global-typography-text-font-weight );\">Los comentarios o las preguntas pueden enviarse a <\/span><a style=\"font-family: var( --e-global-typography-text-font-family ), mont; background-color: #ffffff;\" href=\"https:\/\/healthcenter1.com\/es\/contacto\/\">\/contacto-nosotros\/<\/a><span style=\"color: var( --e-global-color-text ); font-family: var( --e-global-typography-text-font-family ), mont; font-weight: var( --e-global-typography-text-font-weight );\">. No env\u00ede archivos adjuntos con el mensaje. (Debido a la preocupaci\u00f3n por los virus inform\u00e1ticos y los da\u00f1os que causan, los mensajes de correo electr\u00f3nico que contengan archivos adjuntos se eliminar\u00e1n sin abrirlos).<\/span><\/p><p><b>Descargo de responsabilidad<br><\/b><span style=\"color: var( --e-global-color-text ); font-family: var( --e-global-typography-text-font-family ), mont; font-weight: var( --e-global-typography-text-font-weight );\">La informaci\u00f3n proporcionada en este Aviso de Privacidad no debe interpretarse como un asesoramiento comercial, legal o de otro tipo, ni como una garant\u00eda de la seguridad de la informaci\u00f3n proporcionada a trav\u00e9s del Centro de Salud en el Sitio de Auraria.<\/span><\/p><p><b>Actualizaciones<br><\/b><span style=\"color: var( --e-global-color-text ); font-family: var( --e-global-typography-text-font-family ), mont; font-weight: var( --e-global-typography-text-font-weight );\">Este Aviso de Privacidad puede ser modificado o actualizado en cualquier momento por el Centro de Salud de Auraria.<\/span><\/p>\t\t\t\t\t\t\t\t<\/div>\n\t\t\t\t<\/div>\n\t\t\t\t\t<\/div>\n\t\t<\/div>\n\t\t\t\t\t<\/div>\n\t\t<\/section>\n\t\t\t\t<\/div>\n\t\t","protected":false},"excerpt":{"rendered":"<p>Pol\u00edtica de privacidad<\/p>\n","protected":false},"author":1,"featured_media":0,"parent":0,"menu_order":0,"comment_status":"closed","ping_status":"closed","template":"","meta":{"_acf_changed":false,"footnotes":""},"class_list":["post-25317","page","type-page","status-publish","hentry"],"acf":[],"yoast_head":"<!-- This site is optimized with the Yoast SEO plugin v27.3 - https:\/\/yoast.com\/product\/yoast-seo-wordpress\/ -->\n<title>Pol\u00edtica de privacidad - Health Center at Auraria<\/title>\n<meta name=\"description\" content=\"Your health matters. The Health Center at Auraria offers innovative care to keep students thriving personally and academically.\" \/>\n<meta name=\"robots\" content=\"index, follow, max-snippet:-1, max-image-preview:large, max-video-preview:-1\" \/>\n<link rel=\"canonical\" href=\"https:\/\/healthcenter1.com\/es\/politica-de-privacidad-2\/\" \/>\n<meta property=\"og:locale\" content=\"es_ES\" \/>\n<meta property=\"og:type\" content=\"article\" \/>\n<meta property=\"og:title\" content=\"Pol\u00edtica de privacidad - Health Center at Auraria\" \/>\n<meta property=\"og:description\" content=\"Your health matters. The Health Center at Auraria offers innovative care to keep students thriving personally and academically.\" \/>\n<meta property=\"og:url\" content=\"https:\/\/healthcenter1.com\/es\/politica-de-privacidad-2\/\" \/>\n<meta property=\"og:site_name\" content=\"Health Center at Auraria\" \/>\n<meta property=\"article:publisher\" content=\"https:\/\/www.facebook.com\/HealthCenteratAuraria\" \/>\n<meta property=\"article:modified_time\" content=\"2023-08-18T11:37:15+00:00\" \/>\n<meta name=\"twitter:card\" content=\"summary_large_image\" \/>\n<meta name=\"twitter:label1\" content=\"Tiempo de lectura\" \/>\n\t<meta name=\"twitter:data1\" content=\"11 minutos\" \/>\n<script type=\"application\/ld+json\" class=\"yoast-schema-graph\">{\"@context\":\"https:\\\/\\\/schema.org\",\"@graph\":[{\"@type\":\"WebPage\",\"@id\":\"https:\\\/\\\/healthcenter1.com\\\/es\\\/politica-de-privacidad-2\\\/\",\"url\":\"https:\\\/\\\/healthcenter1.com\\\/es\\\/politica-de-privacidad-2\\\/\",\"name\":\"Pol\u00edtica de privacidad - Health Center at Auraria\",\"isPartOf\":{\"@id\":\"https:\\\/\\\/healthcenter1.com\\\/es\\\/#website\"},\"datePublished\":\"2019-05-08T07:38:14+00:00\",\"dateModified\":\"2023-08-18T11:37:15+00:00\",\"description\":\"Your health matters. The Health Center at Auraria offers innovative care to keep students thriving personally and academically.\",\"breadcrumb\":{\"@id\":\"https:\\\/\\\/healthcenter1.com\\\/es\\\/politica-de-privacidad-2\\\/#breadcrumb\"},\"inLanguage\":\"es\",\"potentialAction\":[{\"@type\":\"ReadAction\",\"target\":[\"https:\\\/\\\/healthcenter1.com\\\/es\\\/politica-de-privacidad-2\\\/\"]}]},{\"@type\":\"BreadcrumbList\",\"@id\":\"https:\\\/\\\/healthcenter1.com\\\/es\\\/politica-de-privacidad-2\\\/#breadcrumb\",\"itemListElement\":[{\"@type\":\"ListItem\",\"position\":1,\"name\":\"Home\",\"item\":\"https:\\\/\\\/healthcenter1.com\\\/es\\\/\"},{\"@type\":\"ListItem\",\"position\":2,\"name\":\"Pol\u00edtica de privacidad\"}]},{\"@type\":\"WebSite\",\"@id\":\"https:\\\/\\\/healthcenter1.com\\\/es\\\/#website\",\"url\":\"https:\\\/\\\/healthcenter1.com\\\/es\\\/\",\"name\":\"Health Center at Auraria\",\"description\":\"\",\"publisher\":{\"@id\":\"https:\\\/\\\/healthcenter1.com\\\/es\\\/#organization\"},\"potentialAction\":[{\"@type\":\"SearchAction\",\"target\":{\"@type\":\"EntryPoint\",\"urlTemplate\":\"https:\\\/\\\/healthcenter1.com\\\/es\\\/?s={search_term_string}\"},\"query-input\":{\"@type\":\"PropertyValueSpecification\",\"valueRequired\":true,\"valueName\":\"search_term_string\"}}],\"inLanguage\":\"es\"},{\"@type\":\"Organization\",\"@id\":\"https:\\\/\\\/healthcenter1.com\\\/es\\\/#organization\",\"name\":\"Health Center at Auraria\",\"url\":\"https:\\\/\\\/healthcenter1.com\\\/es\\\/\",\"logo\":{\"@type\":\"ImageObject\",\"inLanguage\":\"es\",\"@id\":\"https:\\\/\\\/healthcenter1.com\\\/es\\\/#\\\/schema\\\/logo\\\/image\\\/\",\"url\":\"https:\\\/\\\/healthcenter1.com\\\/wp-content\\\/uploads\\\/2024\\\/12\\\/hca-favicon.png\",\"contentUrl\":\"https:\\\/\\\/healthcenter1.com\\\/wp-content\\\/uploads\\\/2024\\\/12\\\/hca-favicon.png\",\"width\":200,\"height\":199,\"caption\":\"Health Center at Auraria\"},\"image\":{\"@id\":\"https:\\\/\\\/healthcenter1.com\\\/es\\\/#\\\/schema\\\/logo\\\/image\\\/\"},\"sameAs\":[\"https:\\\/\\\/www.facebook.com\\\/HealthCenteratAuraria\",\"https:\\\/\\\/www.instagram.com\\\/hcauraria\\\/\"]}]}<\/script>\n<!-- \/ Yoast SEO plugin. -->","yoast_head_json":{"title":"Pol\u00edtica de privacidad - Health Center at Auraria","description":"Your health matters. The Health Center at Auraria offers innovative care to keep students thriving personally and academically.","robots":{"index":"index","follow":"follow","max-snippet":"max-snippet:-1","max-image-preview":"max-image-preview:large","max-video-preview":"max-video-preview:-1"},"canonical":"https:\/\/healthcenter1.com\/es\/politica-de-privacidad-2\/","og_locale":"es_ES","og_type":"article","og_title":"Pol\u00edtica de privacidad - Health Center at Auraria","og_description":"Your health matters. The Health Center at Auraria offers innovative care to keep students thriving personally and academically.","og_url":"https:\/\/healthcenter1.com\/es\/politica-de-privacidad-2\/","og_site_name":"Health Center at Auraria","article_publisher":"https:\/\/www.facebook.com\/HealthCenteratAuraria","article_modified_time":"2023-08-18T11:37:15+00:00","twitter_card":"summary_large_image","twitter_misc":{"Tiempo de lectura":"11 minutos"},"schema":{"@context":"https:\/\/schema.org","@graph":[{"@type":"WebPage","@id":"https:\/\/healthcenter1.com\/es\/politica-de-privacidad-2\/","url":"https:\/\/healthcenter1.com\/es\/politica-de-privacidad-2\/","name":"Pol\u00edtica de privacidad - Health Center at Auraria","isPartOf":{"@id":"https:\/\/healthcenter1.com\/es\/#website"},"datePublished":"2019-05-08T07:38:14+00:00","dateModified":"2023-08-18T11:37:15+00:00","description":"Your health matters. The Health Center at Auraria offers innovative care to keep students thriving personally and academically.","breadcrumb":{"@id":"https:\/\/healthcenter1.com\/es\/politica-de-privacidad-2\/#breadcrumb"},"inLanguage":"es","potentialAction":[{"@type":"ReadAction","target":["https:\/\/healthcenter1.com\/es\/politica-de-privacidad-2\/"]}]},{"@type":"BreadcrumbList","@id":"https:\/\/healthcenter1.com\/es\/politica-de-privacidad-2\/#breadcrumb","itemListElement":[{"@type":"ListItem","position":1,"name":"Home","item":"https:\/\/healthcenter1.com\/es\/"},{"@type":"ListItem","position":2,"name":"Pol\u00edtica de privacidad"}]},{"@type":"WebSite","@id":"https:\/\/healthcenter1.com\/es\/#website","url":"https:\/\/healthcenter1.com\/es\/","name":"Health Center at Auraria","description":"","publisher":{"@id":"https:\/\/healthcenter1.com\/es\/#organization"},"potentialAction":[{"@type":"SearchAction","target":{"@type":"EntryPoint","urlTemplate":"https:\/\/healthcenter1.com\/es\/?s={search_term_string}"},"query-input":{"@type":"PropertyValueSpecification","valueRequired":true,"valueName":"search_term_string"}}],"inLanguage":"es"},{"@type":"Organization","@id":"https:\/\/healthcenter1.com\/es\/#organization","name":"Health Center at Auraria","url":"https:\/\/healthcenter1.com\/es\/","logo":{"@type":"ImageObject","inLanguage":"es","@id":"https:\/\/healthcenter1.com\/es\/#\/schema\/logo\/image\/","url":"https:\/\/healthcenter1.com\/wp-content\/uploads\/2024\/12\/hca-favicon.png","contentUrl":"https:\/\/healthcenter1.com\/wp-content\/uploads\/2024\/12\/hca-favicon.png","width":200,"height":199,"caption":"Health Center at Auraria"},"image":{"@id":"https:\/\/healthcenter1.com\/es\/#\/schema\/logo\/image\/"},"sameAs":["https:\/\/www.facebook.com\/HealthCenteratAuraria","https:\/\/www.instagram.com\/hcauraria\/"]}]}},"_links":{"self":[{"href":"https:\/\/healthcenter1.com\/es\/wp-json\/wp\/v2\/pages\/25317","targetHints":{"allow":["GET"]}}],"collection":[{"href":"https:\/\/healthcenter1.com\/es\/wp-json\/wp\/v2\/pages"}],"about":[{"href":"https:\/\/healthcenter1.com\/es\/wp-json\/wp\/v2\/types\/page"}],"author":[{"embeddable":true,"href":"https:\/\/healthcenter1.com\/es\/wp-json\/wp\/v2\/users\/1"}],"replies":[{"embeddable":true,"href":"https:\/\/healthcenter1.com\/es\/wp-json\/wp\/v2\/comments?post=25317"}],"version-history":[{"count":0,"href":"https:\/\/healthcenter1.com\/es\/wp-json\/wp\/v2\/pages\/25317\/revisions"}],"wp:attachment":[{"href":"https:\/\/healthcenter1.com\/es\/wp-json\/wp\/v2\/media?parent=25317"}],"curies":[{"name":"wp","href":"https:\/\/api.w.org\/{rel}","templated":true}]}}