{"id":26592,"date":"2025-08-26T11:07:28","date_gmt":"2025-08-26T17:07:28","guid":{"rendered":"https:\/\/healthcenter1.com\/declaracion-de-accesibilidad\/"},"modified":"2025-08-26T11:21:13","modified_gmt":"2025-08-26T17:21:13","slug":"declaracion-de-accesibilidad","status":"publish","type":"page","link":"https:\/\/healthcenter1.com\/es\/declaracion-de-accesibilidad\/","title":{"rendered":"Declaraci\u00f3n de accesibilidad"},"content":{"rendered":"\t\t<div data-elementor-type=\"wp-page\" data-elementor-id=\"26592\" class=\"elementor elementor-26592 elementor-26571\" data-elementor-post-type=\"page\">\n\t\t\t\t\t\t<section class=\"elementor-section elementor-top-section elementor-element elementor-element-60c8961 elementor-section-stretched elementor-section-boxed elementor-section-height-default elementor-section-height-default\" data-id=\"60c8961\" data-element_type=\"section\" data-e-type=\"section\" data-settings=\"{&quot;stretch_section&quot;:&quot;section-stretched&quot;}\">\n\t\t\t\t\t\t<div class=\"elementor-container elementor-column-gap-default\">\n\t\t\t\t\t<div class=\"elementor-column elementor-col-100 elementor-top-column elementor-element elementor-element-368f450\" data-id=\"368f450\" data-element_type=\"column\" data-e-type=\"column\">\n\t\t\t<div class=\"elementor-widget-wrap elementor-element-populated\">\n\t\t\t\t\t\t<div class=\"elementor-element elementor-element-3bc94cd elementor-widget elementor-widget-template\" data-id=\"3bc94cd\" data-element_type=\"widget\" data-e-type=\"widget\" data-widget_type=\"template.default\">\n\t\t\t\t<div class=\"elementor-widget-container\">\n\t\t\t\t\t\t\t<div class=\"elementor-template\">\n\t\t\t\t\t<div data-elementor-type=\"section\" data-elementor-id=\"25121\" class=\"elementor elementor-25121 elementor-23722 elementor-23722\" data-elementor-post-type=\"elementor_library\">\n\t\t\t\t\t<section class=\"elementor-section elementor-top-section elementor-element elementor-element-14113376 elementor-section-height-min-height elementor-section-content-middle elementor-section-stretched elementor-section-boxed elementor-section-height-default elementor-section-items-middle\" data-id=\"14113376\" data-element_type=\"section\" data-e-type=\"section\" data-settings=\"{&quot;background_background&quot;:&quot;classic&quot;,&quot;stretch_section&quot;:&quot;section-stretched&quot;}\">\n\t\t\t\t\t\t<div class=\"elementor-container elementor-column-gap-no\">\n\t\t\t\t\t<div class=\"elementor-column elementor-col-33 elementor-top-column elementor-element elementor-element-52fdee90 elementor-hidden-phone\" data-id=\"52fdee90\" data-element_type=\"column\" data-e-type=\"column\">\n\t\t\t<div class=\"elementor-widget-wrap elementor-element-populated\">\n\t\t\t\t\t\t\t<\/div>\n\t\t<\/div>\n\t\t\t\t<div class=\"elementor-column elementor-col-66 elementor-top-column elementor-element elementor-element-4cfc3bbd\" data-id=\"4cfc3bbd\" data-element_type=\"column\" data-e-type=\"column\">\n\t\t\t<div class=\"elementor-widget-wrap elementor-element-populated\">\n\t\t\t\t\t\t<div class=\"elementor-element elementor-element-76bc2a24 elementor-widget elementor-widget-text-editor\" data-id=\"76bc2a24\" data-element_type=\"widget\" data-e-type=\"widget\" data-widget_type=\"text-editor.default\">\n\t\t\t\t<div class=\"elementor-widget-container\">\n\t\t\t\t\t\t\t\t\t<p><strong>HORARIO DE OFICINA <\/strong> De lunes a jueves: de 8:00 a 17:00 <span class=\"bullet\">&#8211;<\/span> Viernes: de 8:00 a 15:00<br><strong>CITA PREVIA: <\/strong>303-615-9999<br><strong>APOYO EN CASO DE CRISIS Y ASISTENCIA A LAS V\u00cdCTIMAS FUERA DEL HORARIO LABORAL:<\/strong> 303-615-9911<\/p>\t\t\t\t\t\t\t\t<\/div>\n\t\t\t\t<\/div>\n\t\t\t\t\t<\/div>\n\t\t<\/div>\n\t\t\t\t\t<\/div>\n\t\t<\/section>\n\t\t\t\t<\/div>\n\t\t\t\t<\/div>\n\t\t\t\t\t\t<\/div>\n\t\t\t\t<\/div>\n\t\t\t\t\t<\/div>\n\t\t<\/div>\n\t\t\t\t\t<\/div>\n\t\t<\/section>\n\t\t\t\t<section class=\"elementor-section elementor-top-section elementor-element elementor-element-3fb2907 elementor-section-boxed elementor-section-height-default elementor-section-height-default\" data-id=\"3fb2907\" data-element_type=\"section\" data-e-type=\"section\">\n\t\t\t\t\t\t<div class=\"elementor-container elementor-column-gap-wide\">\n\t\t\t\t\t<div class=\"elementor-column elementor-col-33 elementor-top-column elementor-element elementor-element-98976b9 elementor-hidden-phone\" data-id=\"98976b9\" data-element_type=\"column\" data-e-type=\"column\">\n\t\t\t<div class=\"elementor-widget-wrap elementor-element-populated\">\n\t\t\t\t\t\t<div class=\"elementor-element elementor-element-e3dc268 elementor-widget elementor-widget-image\" data-id=\"e3dc268\" data-element_type=\"widget\" data-e-type=\"widget\" data-widget_type=\"image.default\">\n\t\t\t\t<div class=\"elementor-widget-container\">\n\t\t\t\t\t\t\t\t\t\t\t\t\t\t\t<img fetchpriority=\"high\" decoding=\"async\" width=\"500\" height=\"309\" src=\"https:\/\/healthcenter1.com\/wp-content\/uploads\/2025\/08\/ablr-logo-top.webp\" class=\"attachment-full size-full wp-image-26591\" alt=\"\" srcset=\"https:\/\/healthcenter1.com\/wp-content\/uploads\/2025\/08\/ablr-logo-top.webp 500w, https:\/\/healthcenter1.com\/wp-content\/uploads\/2025\/08\/ablr-logo-top-300x185.webp 300w, https:\/\/healthcenter1.com\/wp-content\/uploads\/2025\/08\/ablr-logo-top-120x74.webp 120w, https:\/\/healthcenter1.com\/wp-content\/uploads\/2025\/08\/ablr-logo-top-81x50.webp 81w\" sizes=\"(max-width: 500px) 100vw, 500px\" \/>\t\t\t\t\t\t\t\t\t\t\t\t\t\t\t<\/div>\n\t\t\t\t<\/div>\n\t\t\t\t<div class=\"elementor-element elementor-element-a8ca2fa elementor-align-justify elementor-widget elementor-widget-button\" data-id=\"a8ca2fa\" data-element_type=\"widget\" data-e-type=\"widget\" data-widget_type=\"button.default\">\n\t\t\t\t<div class=\"elementor-widget-container\">\n\t\t\t\t\t\t\t\t\t<div class=\"elementor-button-wrapper\">\n\t\t\t\t\t<a class=\"elementor-button elementor-button-link elementor-size-sm\" href=\"https:\/\/healthcenter1.com\/es\/sobre-nosotros\/\">\n\t\t\t\t\t\t<span class=\"elementor-button-content-wrapper\">\n\t\t\t\t\t\t\t\t\t<span class=\"elementor-button-text\">SOBRE NOSOTROS<\/span>\n\t\t\t\t\t<\/span>\n\t\t\t\t\t<\/a>\n\t\t\t\t<\/div>\n\t\t\t\t\t\t\t\t<\/div>\n\t\t\t\t<\/div>\n\t\t\t\t<div class=\"elementor-element elementor-element-f10c1b7 elementor-align-justify elementor-widget elementor-widget-button\" data-id=\"f10c1b7\" data-element_type=\"widget\" data-e-type=\"widget\" data-widget_type=\"button.default\">\n\t\t\t\t<div class=\"elementor-widget-container\">\n\t\t\t\t\t\t\t\t\t<div class=\"elementor-button-wrapper\">\n\t\t\t\t\t<a class=\"elementor-button elementor-button-link elementor-size-sm\" href=\"https:\/\/healthcenter1.com\/es\/servicios-medicos\/\">\n\t\t\t\t\t\t<span class=\"elementor-button-content-wrapper\">\n\t\t\t\t\t\t\t\t\t<span class=\"elementor-button-text\">SERVICIOS M\u00c9DICOS<\/span>\n\t\t\t\t\t<\/span>\n\t\t\t\t\t<\/a>\n\t\t\t\t<\/div>\n\t\t\t\t\t\t\t\t<\/div>\n\t\t\t\t<\/div>\n\t\t\t\t<div class=\"elementor-element elementor-element-0bc8f0a elementor-align-justify elementor-widget elementor-widget-button\" data-id=\"0bc8f0a\" data-element_type=\"widget\" data-e-type=\"widget\" data-widget_type=\"button.default\">\n\t\t\t\t<div class=\"elementor-widget-container\">\n\t\t\t\t\t\t\t\t\t<div class=\"elementor-button-wrapper\">\n\t\t\t\t\t<a class=\"elementor-button elementor-button-link elementor-size-sm\" href=\"https:\/\/healthcenter1.com\/es\/servicios-de-salud-mental\/\">\n\t\t\t\t\t\t<span class=\"elementor-button-content-wrapper\">\n\t\t\t\t\t\t\t\t\t<span class=\"elementor-button-text\">SERVICIOS DE SALUD MENTAL<\/span>\n\t\t\t\t\t<\/span>\n\t\t\t\t\t<\/a>\n\t\t\t\t<\/div>\n\t\t\t\t\t\t\t\t<\/div>\n\t\t\t\t<\/div>\n\t\t\t\t<div class=\"elementor-element elementor-element-1314fbd elementor-align-justify elementor-widget elementor-widget-button\" data-id=\"1314fbd\" data-element_type=\"widget\" data-e-type=\"widget\" data-widget_type=\"button.default\">\n\t\t\t\t<div class=\"elementor-widget-container\">\n\t\t\t\t\t\t\t\t\t<div class=\"elementor-button-wrapper\">\n\t\t\t\t\t<a class=\"elementor-button elementor-button-link elementor-size-sm\" href=\"https:\/\/healthcenter1.com\/es\/contacto\/\">\n\t\t\t\t\t\t<span class=\"elementor-button-content-wrapper\">\n\t\t\t\t\t\t\t\t\t<span class=\"elementor-button-text\">CONTACTAR CON NOSOTROS<\/span>\n\t\t\t\t\t<\/span>\n\t\t\t\t\t<\/a>\n\t\t\t\t<\/div>\n\t\t\t\t\t\t\t\t<\/div>\n\t\t\t\t<\/div>\n\t\t\t\t<div class=\"elementor-element elementor-element-61869af elementor-align-justify elementor-widget elementor-widget-button\" data-id=\"61869af\" data-element_type=\"widget\" data-e-type=\"widget\" data-widget_type=\"button.default\">\n\t\t\t\t<div class=\"elementor-widget-container\">\n\t\t\t\t\t\t\t\t\t<div class=\"elementor-button-wrapper\">\n\t\t\t\t\t<a class=\"elementor-button elementor-button-link elementor-size-sm\" href=\"https:\/\/healthcenter1.com\/es\/preguntas-frecuentes\/\">\n\t\t\t\t\t\t<span class=\"elementor-button-content-wrapper\">\n\t\t\t\t\t\t\t\t\t<span class=\"elementor-button-text\">FAQS<\/span>\n\t\t\t\t\t<\/span>\n\t\t\t\t\t<\/a>\n\t\t\t\t<\/div>\n\t\t\t\t\t\t\t\t<\/div>\n\t\t\t\t<\/div>\n\t\t\t\t\t<\/div>\n\t\t<\/div>\n\t\t\t\t<div class=\"elementor-column elementor-col-66 elementor-top-column elementor-element elementor-element-a8e5a7b\" data-id=\"a8e5a7b\" data-element_type=\"column\" data-e-type=\"column\">\n\t\t\t<div class=\"elementor-widget-wrap elementor-element-populated\">\n\t\t\t\t\t\t<div class=\"elementor-element elementor-element-1e101df elementor-widget elementor-widget-text-editor\" data-id=\"1e101df\" data-element_type=\"widget\" data-e-type=\"widget\" data-widget_type=\"text-editor.default\">\n\t\t\t\t<div class=\"elementor-widget-container\">\n\t\t\t\t\t\t\t\t\t<h3 data-elementor-setting-key=\"title\" data-pen-placeholder=\"Type Here...\">Centro de Salud de Auraria<br>Declaraci\u00f3n de Accesibilidad<\/h3><p><b>Health Center at Auraria se compromete a ofrecer un sitio web accesible para todos<\/b><\/p><p>Para fomentar este compromiso, utilizamos <a href=\"https:\/\/www.w3.org\/TR\/WCAG22\/#conformance-reqs\">las Pautas de Accesibilidad al Contenido en la Web 2.2, Nivel AA,<\/a> que proporcionan normas para hacer que el contenido de la web sea m\u00e1s accesible para todos los visitantes, incluidas las personas con discapacidad.<\/p><h6>Supervisi\u00f3n continua del contenido<\/h6><p>Con el fin de mantenerse a la vanguardia de la tecnolog\u00eda emergente, el sitio web del Centro de Salud de Auraria se prueba regularmente con el software y las metodolog\u00edas m\u00e1s recientes para mantener un contenido accesible para todos. En concreto, el sitio web de Health Center at Auraria se prueba con tecnolog\u00eda de asistencia, como software lector de pantalla, funcionalidad de entrada alternativa (s\u00f3lo teclado), analizadores de contraste de color y software de ampliaci\u00f3n. Adem\u00e1s de las pruebas de compatibilidad de accesibilidad, el sitio web del Centro de Salud de Auraria tambi\u00e9n se somete a pruebas de usabilidad. Nuestro objetivo no es s\u00f3lo cumplir las normas m\u00ednimas de accesibilidad, sino superarlas garantizando que el sitio web tambi\u00e9n sea utilizable. Nos comprometemos a resolver cualquier problema que pueda surgir al acceder a nuestro contenido digital y prestaremos ayuda cuando sea necesario si no se dispone de soluciones inmediatas.    <\/p><h6>\u00bfNecesitas ayuda?<\/h6><p>Si tienes problemas para acceder a cualquier informaci\u00f3n de nuestro sitio web, ponte en contacto con nosotros r\u00e1pidamente en el <a href=\"tel:3036159999\">303-615-9999<\/a> o en <a class=\"ql-link\" href=\"mailto:Health_center_support@msudenver.edu\" target=\"_blank\" rel=\"noopener noreferrer\">Health_center_support@msudenver.edu.<\/a> Tu experiencia y tus ideas son nuestra m\u00e1xima prioridad. Ning\u00fan problema es demasiado peque\u00f1o y agradecemos tus comentarios.  <\/p>\t\t\t\t\t\t\t\t<\/div>\n\t\t\t\t<\/div>\n\t\t\t\t\t<\/div>\n\t\t<\/div>\n\t\t\t\t\t<\/div>\n\t\t<\/section>\n\t\t\t\t<\/div>\n\t\t","protected":false},"excerpt":{"rendered":"<p>SOBRE NOSOTROS SERVICIOS M\u00c9DICOS SERVICIOS DE SALUD MENTAL CONTACTAR CON NOSOTROS FAQS Centro de Salud de AurariaDeclaraci\u00f3n de Accesibilidad Health Center at Auraria se compromete a ofrecer un sitio web accesible para todos Para fomentar este compromiso, utilizamos las Pautas de Accesibilidad al Contenido en la Web 2.2, Nivel AA, que proporcionan normas para hacer que el contenido de la web sea m\u00e1s accesible para todos los visitantes, incluidas las personas con discapacidad. Supervisi\u00f3n continua del contenido Con el fin de mantenerse a la vanguardia de la tecnolog\u00eda emergente, el sitio web del Centro de Salud de Auraria se prueba regularmente con el software y las metodolog\u00edas m\u00e1s recientes para mantener un contenido accesible para todos. En concreto, el sitio web de Health Center at Auraria se prueba con tecnolog\u00eda de asistencia, como software lector de pantalla, funcionalidad de entrada alternativa (s\u00f3lo teclado), analizadores de contraste de color y software de ampliaci\u00f3n. Adem\u00e1s de las pruebas de compatibilidad de accesibilidad, el sitio web del Centro de Salud de Auraria tambi\u00e9n se somete a pruebas de usabilidad. Nuestro objetivo no es s\u00f3lo cumplir las normas m\u00ednimas de accesibilidad, sino superarlas garantizando que el sitio web tambi\u00e9n sea utilizable. Nos comprometemos a&#8230;<\/p>\n","protected":false},"author":15,"featured_media":0,"parent":0,"menu_order":0,"comment_status":"closed","ping_status":"closed","template":"","meta":{"_acf_changed":false,"footnotes":""},"class_list":["post-26592","page","type-page","status-publish","hentry"],"acf":[],"yoast_head":"<!-- This site is optimized with the Yoast SEO plugin v27.5 - https:\/\/yoast.com\/product\/yoast-seo-wordpress\/ -->\n<title>Declaraci\u00f3n de accesibilidad - Health Center at Auraria<\/title>\n<meta name=\"description\" content=\"Your health matters. The Health Center at Auraria offers innovative care to keep students thriving personally and academically.\" \/>\n<meta name=\"robots\" content=\"index, follow, max-snippet:-1, max-image-preview:large, max-video-preview:-1\" \/>\n<link rel=\"canonical\" href=\"https:\/\/healthcenter1.com\/es\/declaracion-de-accesibilidad\/\" \/>\n<meta property=\"og:locale\" content=\"es_ES\" \/>\n<meta property=\"og:type\" content=\"article\" \/>\n<meta property=\"og:title\" content=\"Declaraci\u00f3n de accesibilidad - Health Center at Auraria\" \/>\n<meta property=\"og:description\" content=\"Your health matters. The Health Center at Auraria offers innovative care to keep students thriving personally and academically.\" \/>\n<meta property=\"og:url\" content=\"https:\/\/healthcenter1.com\/es\/declaracion-de-accesibilidad\/\" \/>\n<meta property=\"og:site_name\" content=\"Health Center at Auraria\" \/>\n<meta property=\"article:publisher\" content=\"https:\/\/www.facebook.com\/HealthCenteratAuraria\" \/>\n<meta property=\"article:modified_time\" content=\"2025-08-26T17:21:13+00:00\" \/>\n<meta property=\"og:image\" content=\"https:\/\/healthcenter1.com\/wp-content\/uploads\/2025\/08\/ablr-logo-top.webp\" \/>\n\t<meta property=\"og:image:width\" content=\"500\" \/>\n\t<meta property=\"og:image:height\" content=\"309\" \/>\n\t<meta property=\"og:image:type\" content=\"image\/webp\" \/>\n<meta name=\"twitter:card\" content=\"summary_large_image\" \/>\n<meta name=\"twitter:label1\" content=\"Tiempo de lectura\" \/>\n\t<meta name=\"twitter:data1\" content=\"1 minuto\" \/>\n<script type=\"application\/ld+json\" class=\"yoast-schema-graph\">{\"@context\":\"https:\\\/\\\/schema.org\",\"@graph\":[{\"@type\":\"WebPage\",\"@id\":\"https:\\\/\\\/healthcenter1.com\\\/es\\\/declaracion-de-accesibilidad\\\/\",\"url\":\"https:\\\/\\\/healthcenter1.com\\\/es\\\/declaracion-de-accesibilidad\\\/\",\"name\":\"Declaraci\u00f3n de accesibilidad - Health Center at Auraria\",\"isPartOf\":{\"@id\":\"https:\\\/\\\/healthcenter1.com\\\/es\\\/#website\"},\"primaryImageOfPage\":{\"@id\":\"https:\\\/\\\/healthcenter1.com\\\/es\\\/declaracion-de-accesibilidad\\\/#primaryimage\"},\"image\":{\"@id\":\"https:\\\/\\\/healthcenter1.com\\\/es\\\/declaracion-de-accesibilidad\\\/#primaryimage\"},\"thumbnailUrl\":\"https:\\\/\\\/healthcenter1.com\\\/wp-content\\\/uploads\\\/2025\\\/08\\\/ablr-logo-top.webp\",\"datePublished\":\"2025-08-26T17:07:28+00:00\",\"dateModified\":\"2025-08-26T17:21:13+00:00\",\"description\":\"Your health matters. The Health Center at Auraria offers innovative care to keep students thriving personally and academically.\",\"breadcrumb\":{\"@id\":\"https:\\\/\\\/healthcenter1.com\\\/es\\\/declaracion-de-accesibilidad\\\/#breadcrumb\"},\"inLanguage\":\"es\",\"potentialAction\":[{\"@type\":\"ReadAction\",\"target\":[\"https:\\\/\\\/healthcenter1.com\\\/es\\\/declaracion-de-accesibilidad\\\/\"]}]},{\"@type\":\"ImageObject\",\"inLanguage\":\"es\",\"@id\":\"https:\\\/\\\/healthcenter1.com\\\/es\\\/declaracion-de-accesibilidad\\\/#primaryimage\",\"url\":\"https:\\\/\\\/healthcenter1.com\\\/wp-content\\\/uploads\\\/2025\\\/08\\\/ablr-logo-top.webp\",\"contentUrl\":\"https:\\\/\\\/healthcenter1.com\\\/wp-content\\\/uploads\\\/2025\\\/08\\\/ablr-logo-top.webp\"},{\"@type\":\"BreadcrumbList\",\"@id\":\"https:\\\/\\\/healthcenter1.com\\\/es\\\/declaracion-de-accesibilidad\\\/#breadcrumb\",\"itemListElement\":[{\"@type\":\"ListItem\",\"position\":1,\"name\":\"Home\",\"item\":\"https:\\\/\\\/healthcenter1.com\\\/es\\\/\"},{\"@type\":\"ListItem\",\"position\":2,\"name\":\"Declaraci\u00f3n de accesibilidad\"}]},{\"@type\":\"WebSite\",\"@id\":\"https:\\\/\\\/healthcenter1.com\\\/es\\\/#website\",\"url\":\"https:\\\/\\\/healthcenter1.com\\\/es\\\/\",\"name\":\"Health Center at Auraria\",\"description\":\"\",\"publisher\":{\"@id\":\"https:\\\/\\\/healthcenter1.com\\\/es\\\/#organization\"},\"potentialAction\":[{\"@type\":\"SearchAction\",\"target\":{\"@type\":\"EntryPoint\",\"urlTemplate\":\"https:\\\/\\\/healthcenter1.com\\\/es\\\/?s={search_term_string}\"},\"query-input\":{\"@type\":\"PropertyValueSpecification\",\"valueRequired\":true,\"valueName\":\"search_term_string\"}}],\"inLanguage\":\"es\"},{\"@type\":\"Organization\",\"@id\":\"https:\\\/\\\/healthcenter1.com\\\/es\\\/#organization\",\"name\":\"Health Center at Auraria\",\"url\":\"https:\\\/\\\/healthcenter1.com\\\/es\\\/\",\"logo\":{\"@type\":\"ImageObject\",\"inLanguage\":\"es\",\"@id\":\"https:\\\/\\\/healthcenter1.com\\\/es\\\/#\\\/schema\\\/logo\\\/image\\\/\",\"url\":\"https:\\\/\\\/healthcenter1.com\\\/wp-content\\\/uploads\\\/2024\\\/12\\\/hca-favicon.png\",\"contentUrl\":\"https:\\\/\\\/healthcenter1.com\\\/wp-content\\\/uploads\\\/2024\\\/12\\\/hca-favicon.png\",\"width\":200,\"height\":199,\"caption\":\"Health Center at Auraria\"},\"image\":{\"@id\":\"https:\\\/\\\/healthcenter1.com\\\/es\\\/#\\\/schema\\\/logo\\\/image\\\/\"},\"sameAs\":[\"https:\\\/\\\/www.facebook.com\\\/HealthCenteratAuraria\",\"https:\\\/\\\/www.instagram.com\\\/hcauraria\\\/\"]}]}<\/script>\n<!-- \/ Yoast SEO plugin. -->","yoast_head_json":{"title":"Declaraci\u00f3n de accesibilidad - Health Center at Auraria","description":"Your health matters. The Health Center at Auraria offers innovative care to keep students thriving personally and academically.","robots":{"index":"index","follow":"follow","max-snippet":"max-snippet:-1","max-image-preview":"max-image-preview:large","max-video-preview":"max-video-preview:-1"},"canonical":"https:\/\/healthcenter1.com\/es\/declaracion-de-accesibilidad\/","og_locale":"es_ES","og_type":"article","og_title":"Declaraci\u00f3n de accesibilidad - Health Center at Auraria","og_description":"Your health matters. The Health Center at Auraria offers innovative care to keep students thriving personally and academically.","og_url":"https:\/\/healthcenter1.com\/es\/declaracion-de-accesibilidad\/","og_site_name":"Health Center at Auraria","article_publisher":"https:\/\/www.facebook.com\/HealthCenteratAuraria","article_modified_time":"2025-08-26T17:21:13+00:00","og_image":[{"width":500,"height":309,"url":"https:\/\/healthcenter1.com\/wp-content\/uploads\/2025\/08\/ablr-logo-top.webp","type":"image\/webp"}],"twitter_card":"summary_large_image","twitter_misc":{"Tiempo de lectura":"1 minuto"},"schema":{"@context":"https:\/\/schema.org","@graph":[{"@type":"WebPage","@id":"https:\/\/healthcenter1.com\/es\/declaracion-de-accesibilidad\/","url":"https:\/\/healthcenter1.com\/es\/declaracion-de-accesibilidad\/","name":"Declaraci\u00f3n de accesibilidad - Health Center at Auraria","isPartOf":{"@id":"https:\/\/healthcenter1.com\/es\/#website"},"primaryImageOfPage":{"@id":"https:\/\/healthcenter1.com\/es\/declaracion-de-accesibilidad\/#primaryimage"},"image":{"@id":"https:\/\/healthcenter1.com\/es\/declaracion-de-accesibilidad\/#primaryimage"},"thumbnailUrl":"https:\/\/healthcenter1.com\/wp-content\/uploads\/2025\/08\/ablr-logo-top.webp","datePublished":"2025-08-26T17:07:28+00:00","dateModified":"2025-08-26T17:21:13+00:00","description":"Your health matters. The Health Center at Auraria offers innovative care to keep students thriving personally and academically.","breadcrumb":{"@id":"https:\/\/healthcenter1.com\/es\/declaracion-de-accesibilidad\/#breadcrumb"},"inLanguage":"es","potentialAction":[{"@type":"ReadAction","target":["https:\/\/healthcenter1.com\/es\/declaracion-de-accesibilidad\/"]}]},{"@type":"ImageObject","inLanguage":"es","@id":"https:\/\/healthcenter1.com\/es\/declaracion-de-accesibilidad\/#primaryimage","url":"https:\/\/healthcenter1.com\/wp-content\/uploads\/2025\/08\/ablr-logo-top.webp","contentUrl":"https:\/\/healthcenter1.com\/wp-content\/uploads\/2025\/08\/ablr-logo-top.webp"},{"@type":"BreadcrumbList","@id":"https:\/\/healthcenter1.com\/es\/declaracion-de-accesibilidad\/#breadcrumb","itemListElement":[{"@type":"ListItem","position":1,"name":"Home","item":"https:\/\/healthcenter1.com\/es\/"},{"@type":"ListItem","position":2,"name":"Declaraci\u00f3n de accesibilidad"}]},{"@type":"WebSite","@id":"https:\/\/healthcenter1.com\/es\/#website","url":"https:\/\/healthcenter1.com\/es\/","name":"Health Center at Auraria","description":"","publisher":{"@id":"https:\/\/healthcenter1.com\/es\/#organization"},"potentialAction":[{"@type":"SearchAction","target":{"@type":"EntryPoint","urlTemplate":"https:\/\/healthcenter1.com\/es\/?s={search_term_string}"},"query-input":{"@type":"PropertyValueSpecification","valueRequired":true,"valueName":"search_term_string"}}],"inLanguage":"es"},{"@type":"Organization","@id":"https:\/\/healthcenter1.com\/es\/#organization","name":"Health Center at Auraria","url":"https:\/\/healthcenter1.com\/es\/","logo":{"@type":"ImageObject","inLanguage":"es","@id":"https:\/\/healthcenter1.com\/es\/#\/schema\/logo\/image\/","url":"https:\/\/healthcenter1.com\/wp-content\/uploads\/2024\/12\/hca-favicon.png","contentUrl":"https:\/\/healthcenter1.com\/wp-content\/uploads\/2024\/12\/hca-favicon.png","width":200,"height":199,"caption":"Health Center at Auraria"},"image":{"@id":"https:\/\/healthcenter1.com\/es\/#\/schema\/logo\/image\/"},"sameAs":["https:\/\/www.facebook.com\/HealthCenteratAuraria","https:\/\/www.instagram.com\/hcauraria\/"]}]}},"_links":{"self":[{"href":"https:\/\/healthcenter1.com\/es\/wp-json\/wp\/v2\/pages\/26592","targetHints":{"allow":["GET"]}}],"collection":[{"href":"https:\/\/healthcenter1.com\/es\/wp-json\/wp\/v2\/pages"}],"about":[{"href":"https:\/\/healthcenter1.com\/es\/wp-json\/wp\/v2\/types\/page"}],"author":[{"embeddable":true,"href":"https:\/\/healthcenter1.com\/es\/wp-json\/wp\/v2\/users\/15"}],"replies":[{"embeddable":true,"href":"https:\/\/healthcenter1.com\/es\/wp-json\/wp\/v2\/comments?post=26592"}],"version-history":[{"count":0,"href":"https:\/\/healthcenter1.com\/es\/wp-json\/wp\/v2\/pages\/26592\/revisions"}],"wp:attachment":[{"href":"https:\/\/healthcenter1.com\/es\/wp-json\/wp\/v2\/media?parent=26592"}],"curies":[{"name":"wp","href":"https:\/\/api.w.org\/{rel}","templated":true}]}}